{"id":177,"date":"2026-02-18T16:27:05","date_gmt":"2026-02-18T16:27:05","guid":{"rendered":"https:\/\/busilis.click\/?page_id=177"},"modified":"2026-03-13T11:19:17","modified_gmt":"2026-03-13T11:19:17","slug":"home","status":"publish","type":"page","link":"https:\/\/busilis.click\/","title":{"rendered":"In\u00edcio"},"content":{"rendered":"\t\t<div data-elementor-type=\"wp-page\" data-elementor-id=\"177\" class=\"elementor elementor-177\">\n\t\t\t\t<div class=\"elementor-element elementor-element-07fe42a hostinger-ai-hero-for-online-store-2 hostinger-ai-background-image e-flex e-con-boxed e-con e-parent\" data-id=\"07fe42a\" data-element_type=\"container\" data-e-type=\"container\" data-settings=\"{&quot;background_background&quot;:&quot;classic&quot;}\">\n\t\t\t\t\t<div class=\"e-con-inner\">\n\t\t<div class=\"elementor-element elementor-element-4df0c5f e-con-full e-flex e-con e-child\" data-id=\"4df0c5f\" data-element_type=\"container\" data-e-type=\"container\">\n\t\t\t\t<div class=\"elementor-element elementor-element-25adc73 hostinger-ai-title hostinger-index-5 elementor-widget elementor-widget-heading\" data-id=\"25adc73\" data-element_type=\"widget\" data-e-type=\"widget\" data-widget_type=\"heading.default\">\n\t\t\t\t\t<h2 class=\"elementor-heading-title elementor-size-default\">Bem-vindo \u00e0 Bus\u00edlis<\/h2>\t\t\t\t<\/div>\n\t\t\t\t<div class=\"elementor-element elementor-element-7fc65b5 hostinger-ai-description hostinger-index-0 elementor-widget elementor-widget-heading\" data-id=\"7fc65b5\" data-element_type=\"widget\" data-e-type=\"widget\" data-widget_type=\"heading.default\">\n\t\t\t\t\t<p class=\"elementor-heading-title elementor-size-default\">Chancela da Trinta-por-uma-linha<br><\/p>\t\t\t\t<\/div>\n\t\t\t\t<div class=\"elementor-element elementor-element-7274cd5 hostinger-ai-cta-button hostinger-index-6 elementor-widget elementor-widget-button\" data-id=\"7274cd5\" data-element_type=\"widget\" data-e-type=\"widget\" data-widget_type=\"button.default\">\n\t\t\t\t\t\t\t\t\t\t<a class=\"elementor-button elementor-button-link elementor-size-sm\" href=\"https:\/\/busilis.click\/?post_type=product\">\n\t\t\t\t\t\t<span class=\"elementor-button-content-wrapper\">\n\t\t\t\t\t\t\t\t\t<span class=\"elementor-button-text\">Ver livros<\/span>\n\t\t\t\t\t<\/span>\n\t\t\t\t\t<\/a>\n\t\t\t\t\t\t\t\t<\/div>\n\t\t\t\t<\/div>\n\t\t\t\t\t<\/div>\n\t\t\t\t<\/div>\n\t\t<div class=\"elementor-element elementor-element-854aa0d e-grid e-con-boxed e-con e-parent\" data-id=\"854aa0d\" data-element_type=\"container\" data-e-type=\"container\">\n\t\t\t\t\t<div class=\"e-con-inner\">\n\t\t<div class=\"elementor-element elementor-element-e475603 e-con-full e-grid e-con e-child\" data-id=\"e475603\" data-element_type=\"container\" data-e-type=\"container\" data-settings=\"{&quot;background_background&quot;:&quot;classic&quot;}\">\n\t\t<div class=\"elementor-element elementor-element-e7b6684 e-con-full is-light has-white-color hostinger-ai-cover-image hostinger-index e-flex e-con e-child\" data-id=\"e7b6684\" data-element_type=\"container\" data-e-type=\"container\" data-settings=\"{&quot;background_background&quot;:&quot;classic&quot;}\">\n\t\t\t\t<div class=\"elementor-element elementor-element-c78ba25 hostinger-ai-title elementor-widget elementor-widget-heading\" data-id=\"c78ba25\" data-element_type=\"widget\" data-e-type=\"widget\" data-widget_type=\"heading.default\">\n\t\t\t\t\t<h2 class=\"elementor-heading-title elementor-size-default\">Romance<\/h2>\t\t\t\t<\/div>\n\t\t\t\t<div class=\"elementor-element elementor-element-fccf05d hostinger-ai-cta-button elementor-widget elementor-widget-button\" data-id=\"fccf05d\" data-element_type=\"widget\" data-e-type=\"widget\" data-widget_type=\"button.default\">\n\t\t\t\t\t\t\t\t\t\t<a class=\"elementor-button elementor-button-link elementor-size-sm\" href=\"https:\/\/busilis.click\/?product_cat=romance\">\n\t\t\t\t\t\t<span class=\"elementor-button-content-wrapper\">\n\t\t\t\t\t\t\t\t\t<span class=\"elementor-button-text\">Ver<\/span>\n\t\t\t\t\t<\/span>\n\t\t\t\t\t<\/a>\n\t\t\t\t\t\t\t\t<\/div>\n\t\t\t\t<\/div>\n\t\t<div class=\"elementor-element elementor-element-8676a80 e-con-full is-light has-white-color hostinger-ai-cover-image hostinger-index e-flex e-con e-child\" data-id=\"8676a80\" data-element_type=\"container\" data-e-type=\"container\" data-settings=\"{&quot;background_background&quot;:&quot;classic&quot;}\">\n\t\t\t\t<div class=\"elementor-element elementor-element-fdbbea9 hostinger-ai-title hostinger-index-1 elementor-widget elementor-widget-heading\" data-id=\"fdbbea9\" data-element_type=\"widget\" data-e-type=\"widget\" data-widget_type=\"heading.default\">\n\t\t\t\t\t<h2 class=\"elementor-heading-title elementor-size-default\">Poesia<\/h2>\t\t\t\t<\/div>\n\t\t\t\t<div class=\"elementor-element elementor-element-6980af4 hostinger-ai-cta-button elementor-widget elementor-widget-button\" data-id=\"6980af4\" data-element_type=\"widget\" data-e-type=\"widget\" data-widget_type=\"button.default\">\n\t\t\t\t\t\t\t\t\t\t<a class=\"elementor-button elementor-button-link elementor-size-sm\" href=\"https:\/\/busilis.click\/?product_cat=poesia\">\n\t\t\t\t\t\t<span class=\"elementor-button-content-wrapper\">\n\t\t\t\t\t\t\t\t\t<span class=\"elementor-button-text\">Ver<\/span>\n\t\t\t\t\t<\/span>\n\t\t\t\t\t<\/a>\n\t\t\t\t\t\t\t\t<\/div>\n\t\t\t\t<\/div>\n\t\t\t\t<\/div>\n\t\t\t\t\t<\/div>\n\t\t\t\t<\/div>\n\t\t<div class=\"elementor-element elementor-element-7867da8 e-grid e-con-full hostinger-product-list e-con e-parent\" data-id=\"7867da8\" data-element_type=\"container\" data-e-type=\"container\">\n\t\t<div class=\"elementor-element elementor-element-87f2589 e-flex e-con-boxed e-con e-child\" data-id=\"87f2589\" data-element_type=\"container\" data-e-type=\"container\">\n\t\t\t\t\t<div class=\"e-con-inner\">\n\t\t\t\t<div class=\"elementor-element elementor-element-ffc2b31 hostinger-ai-title elementor-widget elementor-widget-heading\" data-id=\"ffc2b31\" data-element_type=\"widget\" data-e-type=\"widget\" data-widget_type=\"heading.default\">\n\t\t\t\t\t<h2 class=\"elementor-heading-title elementor-size-default\">Novidades<\/h2>\t\t\t\t<\/div>\n\t\t\t\t<div class=\"elementor-element elementor-element-9a280ab elementor-widget elementor-widget-shortcode\" data-id=\"9a280ab\" data-element_type=\"widget\" data-e-type=\"widget\" data-widget_type=\"shortcode.default\">\n\t\t\t\t\t\t\t<div class=\"elementor-shortcode\"><div class=\"woocommerce columns-4 \"><ul class=\"products columns-4\">\n<li class=\"product type-product post-300 status-publish first instock product_cat-nao-ficcao product_tag-anedotas product_tag-humor has-post-thumbnail shipping-taxable purchasable product-type-simple\">\n\t<a href=\"https:\/\/busilis.click\/?product=a-graca-da-desgraca-anedotario\" class=\"woocommerce-LoopProduct-link woocommerce-loop-product__link\"><img fetchpriority=\"high\" decoding=\"async\" width=\"301\" height=\"422\" src=\"https:\/\/busilis.click\/wp-content\/uploads\/2026\/03\/Capa_a-graca-da-desGRACA-301x422.webp\" class=\"attachment-woocommerce_thumbnail size-woocommerce_thumbnail\" alt=\"A Gra\u00e7a da Desgra\u00e7a - Anedot\u00e1rio\" srcset=\"https:\/\/busilis.click\/wp-content\/uploads\/2026\/03\/Capa_a-graca-da-desGRACA-301x422.webp 301w, https:\/\/busilis.click\/wp-content\/uploads\/2026\/03\/Capa_a-graca-da-desGRACA-600x841.webp 600w, https:\/\/busilis.click\/wp-content\/uploads\/2026\/03\/Capa_a-graca-da-desGRACA-214x300.webp 214w, https:\/\/busilis.click\/wp-content\/uploads\/2026\/03\/Capa_a-graca-da-desGRACA-730x1024.webp 730w, https:\/\/busilis.click\/wp-content\/uploads\/2026\/03\/Capa_a-graca-da-desGRACA-768x1077.png 768w, https:\/\/busilis.click\/wp-content\/uploads\/2026\/03\/Capa_a-graca-da-desGRACA.webp 886w\" sizes=\"(max-width: 301px) 100vw, 301px\" \/><h2 class=\"woocommerce-loop-product__title\">A Gra\u00e7a da Desgra\u00e7a &#8211; Anedot\u00e1rio<\/h2>\n\t<span class=\"price\"><span class=\"woocommerce-Price-amount amount\"><bdi>15,00&nbsp;<span class=\"woocommerce-Price-currencySymbol\">&euro;<\/span><\/bdi><\/span><\/span>\n<\/a><a href=\"\/index.php?rest_route=%2Fwp%2Fv2%2Fpages%2F177&#038;add-to-cart=300\" aria-describedby=\"woocommerce_loop_add_to_cart_link_describedby_300\" data-quantity=\"1\" class=\"button product_type_simple add_to_cart_button ajax_add_to_cart\" data-product_id=\"300\" data-product_sku=\"978-989-9260-55-9\" aria-label=\"Adiciona ao carrinho: &ldquo;A Gra\u00e7a da Desgra\u00e7a - Anedot\u00e1rio&rdquo;\" rel=\"nofollow\" data-success_message=\"&ldquo;A Gra\u00e7a da Desgra\u00e7a - Anedot\u00e1rio&rdquo; foi adicionado ao seu carrinho\">Adicionar<\/a>\t<span id=\"woocommerce_loop_add_to_cart_link_describedby_300\" class=\"screen-reader-text\">\n\t\t\t<\/span>\n<\/li>\n<li class=\"product type-product post-295 status-publish instock product_cat-poesia product_tag-coracao product_tag-novidade product_tag-poesia-juvenil product_tag-silvana-soares has-post-thumbnail shipping-taxable purchasable product-type-simple\">\n\t<a href=\"https:\/\/busilis.click\/?product=apanha-o-meu-coracao\" class=\"woocommerce-LoopProduct-link woocommerce-loop-product__link\"><img decoding=\"async\" width=\"301\" height=\"428\" src=\"https:\/\/busilis.click\/wp-content\/uploads\/2026\/03\/Capa_APANHA-O-MEU-CORACAO-silvana-301x428.webp\" class=\"attachment-woocommerce_thumbnail size-woocommerce_thumbnail\" alt=\"Apanha o meu cora\u00e7\u00e3o\" srcset=\"https:\/\/busilis.click\/wp-content\/uploads\/2026\/03\/Capa_APANHA-O-MEU-CORACAO-silvana-301x428.webp 301w, https:\/\/busilis.click\/wp-content\/uploads\/2026\/03\/Capa_APANHA-O-MEU-CORACAO-silvana-600x853.webp 600w, https:\/\/busilis.click\/wp-content\/uploads\/2026\/03\/Capa_APANHA-O-MEU-CORACAO-silvana-211x300.webp 211w, https:\/\/busilis.click\/wp-content\/uploads\/2026\/03\/Capa_APANHA-O-MEU-CORACAO-silvana-721x1024.webp 721w, https:\/\/busilis.click\/wp-content\/uploads\/2026\/03\/Capa_APANHA-O-MEU-CORACAO-silvana-768x1091.webp 768w, https:\/\/busilis.click\/wp-content\/uploads\/2026\/03\/Capa_APANHA-O-MEU-CORACAO-silvana-1081x1536.webp 1081w, https:\/\/busilis.click\/wp-content\/uploads\/2026\/03\/Capa_APANHA-O-MEU-CORACAO-silvana.webp 1351w\" sizes=\"(max-width: 301px) 100vw, 301px\" \/><h2 class=\"woocommerce-loop-product__title\">Apanha o meu cora\u00e7\u00e3o<\/h2>\n\t<span class=\"price\"><span class=\"woocommerce-Price-amount amount\"><bdi>15,00&nbsp;<span class=\"woocommerce-Price-currencySymbol\">&euro;<\/span><\/bdi><\/span><\/span>\n<\/a><a href=\"\/index.php?rest_route=%2Fwp%2Fv2%2Fpages%2F177&#038;add-to-cart=295\" aria-describedby=\"woocommerce_loop_add_to_cart_link_describedby_295\" data-quantity=\"1\" class=\"button product_type_simple add_to_cart_button ajax_add_to_cart\" data-product_id=\"295\" data-product_sku=\"\" aria-label=\"Adiciona ao carrinho: &ldquo;Apanha o meu cora\u00e7\u00e3o&rdquo;\" rel=\"nofollow\" data-success_message=\"&ldquo;Apanha o meu cora\u00e7\u00e3o&rdquo; foi adicionado ao seu carrinho\">Adicionar<\/a>\t<span id=\"woocommerce_loop_add_to_cart_link_describedby_295\" class=\"screen-reader-text\">\n\t\t\t<\/span>\n<\/li>\n<li class=\"product type-product post-328 status-publish outofstock product_cat-poesia has-post-thumbnail shipping-taxable purchasable product-type-simple\">\n\t<a href=\"https:\/\/busilis.click\/?product=passei-como-um-sussurro-para-que-escutasses-o-vento\" class=\"woocommerce-LoopProduct-link woocommerce-loop-product__link\"><img decoding=\"async\" width=\"301\" height=\"425\" src=\"https:\/\/busilis.click\/wp-content\/uploads\/2026\/02\/63fe3595f022f_978-989-8582-80-5-scaled-301x425.webp\" class=\"attachment-woocommerce_thumbnail size-woocommerce_thumbnail\" alt=\"Passei como um Sussurro para que Escutasses o Vento\" srcset=\"https:\/\/busilis.click\/wp-content\/uploads\/2026\/02\/63fe3595f022f_978-989-8582-80-5-scaled-301x425.webp 301w, https:\/\/busilis.click\/wp-content\/uploads\/2026\/02\/63fe3595f022f_978-989-8582-80-5-scaled-600x846.jpg 600w, https:\/\/busilis.click\/wp-content\/uploads\/2026\/02\/63fe3595f022f_978-989-8582-80-5-scaled.webp 1361w\" sizes=\"(max-width: 301px) 100vw, 301px\" \/><h2 class=\"woocommerce-loop-product__title\">Passei como um Sussurro para que Escutasses o Vento<\/h2>\n\t<span class=\"price\"><span class=\"woocommerce-Price-amount amount\"><bdi>10,00&nbsp;<span class=\"woocommerce-Price-currencySymbol\">&euro;<\/span><\/bdi><\/span><\/span>\n<\/a><a href=\"https:\/\/busilis.click\/?product=passei-como-um-sussurro-para-que-escutasses-o-vento\" aria-describedby=\"woocommerce_loop_add_to_cart_link_describedby_328\" data-quantity=\"1\" class=\"button product_type_simple\" data-product_id=\"328\" data-product_sku=\"9789898582805\" aria-label=\"Leia mais sobre &ldquo;Passei como um Sussurro para que Escutasses o Vento&rdquo;\" rel=\"nofollow\" data-success_message=\"\">Ler mais<\/a>\t<span id=\"woocommerce_loop_add_to_cart_link_describedby_328\" class=\"screen-reader-text\">\n\t\t\t<\/span>\n<\/li>\n<li class=\"product type-product post-326 status-publish last instock product_cat-uncategorized has-post-thumbnail shipping-taxable purchasable product-type-simple\">\n\t<a href=\"https:\/\/busilis.click\/?product=trajectoria-inconsutil-do-desejo\" class=\"woocommerce-LoopProduct-link woocommerce-loop-product__link\"><img loading=\"lazy\" decoding=\"async\" width=\"301\" height=\"488\" src=\"https:\/\/busilis.click\/wp-content\/uploads\/2026\/03\/Trajectoria-inconsutil-do-desejo-301x488.jpg\" class=\"attachment-woocommerce_thumbnail size-woocommerce_thumbnail\" alt=\"Traject\u00f3ria incons\u00fatil do desejo\" srcset=\"https:\/\/busilis.click\/wp-content\/uploads\/2026\/03\/Trajectoria-inconsutil-do-desejo-301x488.jpg 301w, https:\/\/busilis.click\/wp-content\/uploads\/2026\/03\/Trajectoria-inconsutil-do-desejo-185x300.jpg 185w, https:\/\/busilis.click\/wp-content\/uploads\/2026\/03\/Trajectoria-inconsutil-do-desejo-632x1024.jpg 632w, https:\/\/busilis.click\/wp-content\/uploads\/2026\/03\/Trajectoria-inconsutil-do-desejo-768x1244.jpg 768w, https:\/\/busilis.click\/wp-content\/uploads\/2026\/03\/Trajectoria-inconsutil-do-desejo-948x1536.jpg 948w, https:\/\/busilis.click\/wp-content\/uploads\/2026\/03\/Trajectoria-inconsutil-do-desejo-600x972.jpg 600w, https:\/\/busilis.click\/wp-content\/uploads\/2026\/03\/Trajectoria-inconsutil-do-desejo.jpg 995w\" sizes=\"(max-width: 301px) 100vw, 301px\" \/><h2 class=\"woocommerce-loop-product__title\">Traject\u00f3ria incons\u00fatil do desejo<\/h2>\n\t<span class=\"price\"><span class=\"woocommerce-Price-amount amount\"><bdi>8,00&nbsp;<span class=\"woocommerce-Price-currencySymbol\">&euro;<\/span><\/bdi><\/span><\/span>\n<\/a><a href=\"\/index.php?rest_route=%2Fwp%2Fv2%2Fpages%2F177&#038;add-to-cart=326\" aria-describedby=\"woocommerce_loop_add_to_cart_link_describedby_326\" data-quantity=\"1\" class=\"button product_type_simple add_to_cart_button ajax_add_to_cart\" data-product_id=\"326\" data-product_sku=\"\" aria-label=\"Adiciona ao carrinho: &ldquo;Traject\u00f3ria incons\u00fatil do desejo&rdquo;\" rel=\"nofollow\" data-success_message=\"&ldquo;Traject\u00f3ria incons\u00fatil do desejo&rdquo; foi adicionado ao seu carrinho\">Adicionar<\/a>\t<span id=\"woocommerce_loop_add_to_cart_link_describedby_326\" class=\"screen-reader-text\">\n\t\t\t<\/span>\n<\/li>\n<\/ul>\n<\/div><\/div>\n\t\t\t\t\t\t<\/div>\n\t\t\t\t<div class=\"elementor-element elementor-element-29944a2 hostinger-ai-cta-button elementor-widget elementor-widget-button\" data-id=\"29944a2\" data-element_type=\"widget\" data-e-type=\"widget\" data-widget_type=\"button.default\">\n\t\t\t\t\t\t\t\t\t\t<a class=\"elementor-button elementor-button-link elementor-size-sm\" href=\"https:\/\/busilis.click\/?page_id=176\">\n\t\t\t\t\t\t<span class=\"elementor-button-content-wrapper\">\n\t\t\t\t\t\t\t\t\t<span class=\"elementor-button-text\">Ver todas as novidades<\/span>\n\t\t\t\t\t<\/span>\n\t\t\t\t\t<\/a>\n\t\t\t\t\t\t\t\t<\/div>\n\t\t\t\t\t<\/div>\n\t\t\t\t<\/div>\n\t\t\t\t<\/div>\n\t\t\t\t<\/div>\n\t\t","protected":false},"excerpt":{"rendered":"<p>Bem-vindo \u00e0 Bus\u00edlis Chancela da Trinta-por-uma-linha Ver livros Romance Ver Poesia Ver Novidades Ver todas as novidades<\/p>\n","protected":false},"author":1,"featured_media":133,"parent":0,"menu_order":0,"comment_status":"closed","ping_status":"closed","template":"elementor_theme","meta":{"advanced_seo_description":"","jetpack_seo_html_title":"","jetpack_seo_noindex":false,"footnotes":""},"class_list":["post-177","page","type-page","status-publish","has-post-thumbnail","hentry"],"_hostinger_reach_plugin_has_subscription_block":false,"_hostinger_reach_plugin_is_elementor":false,"jetpack_sharing_enabled":true,"_links":{"self":[{"href":"https:\/\/busilis.click\/index.php?rest_route=\/wp\/v2\/pages\/177","targetHints":{"allow":["GET"]}}],"collection":[{"href":"https:\/\/busilis.click\/index.php?rest_route=\/wp\/v2\/pages"}],"about":[{"href":"https:\/\/busilis.click\/index.php?rest_route=\/wp\/v2\/types\/page"}],"author":[{"embeddable":true,"href":"https:\/\/busilis.click\/index.php?rest_route=\/wp\/v2\/users\/1"}],"replies":[{"embeddable":true,"href":"https:\/\/busilis.click\/index.php?rest_route=%2Fwp%2Fv2%2Fcomments&post=177"}],"version-history":[{"count":17,"href":"https:\/\/busilis.click\/index.php?rest_route=\/wp\/v2\/pages\/177\/revisions"}],"predecessor-version":[{"id":323,"href":"https:\/\/busilis.click\/index.php?rest_route=\/wp\/v2\/pages\/177\/revisions\/323"}],"wp:featuredmedia":[{"embeddable":true,"href":"https:\/\/busilis.click\/index.php?rest_route=\/wp\/v2\/media\/133"}],"wp:attachment":[{"href":"https:\/\/busilis.click\/index.php?rest_route=%2Fwp%2Fv2%2Fmedia&parent=177"}],"curies":[{"name":"wp","href":"https:\/\/api.w.org\/{rel}","templated":true}]}}