{"id":251,"date":"2026-03-12T10:27:46","date_gmt":"2026-03-12T10:27:46","guid":{"rendered":"https:\/\/busilis.click\/?post_type=product&#038;p=251"},"modified":"2026-03-13T11:25:21","modified_gmt":"2026-03-13T11:25:21","slug":"fruto-permitido","status":"publish","type":"product","link":"https:\/\/busilis.click\/?product=fruto-permitido","title":{"rendered":"Fruto permitido"},"content":{"rendered":"<p>No seu primeiro livro de poesia, a autora mescla trivialidades do quotidiano com temas pungentes da inf\u00e2ncia, da idade adulta, destacando aqui a mulher, e da velhice, como o amor, o desamor, o preconceito ou a viol\u00eancia e os maus tratos, apresentados em v\u00e1rios tons e pela voz de m\u00faltiplos narradores.<br \/>\nEste conjunto de poemas tem algo em comum, surgido ao acaso, que a autora prolongou depois com consci\u00eancia, ap\u00f3s essa descoberta, e que partilha com os leitores sob a forma de um FRUTO que at\u00e9 \u00e9 PERMITIDO.<\/p>\n","protected":false},"excerpt":{"rendered":"<p>No seu primeiro livro de poesia, a autora mescla trivialidades do quotidiano com temas pungentes da inf\u00e2ncia, da idade adulta, destacando aqui a mulher, e da velhice, como o amor, o desamor, o preconceito ou a viol\u00eancia e os maus tratos, apresentados em v\u00e1rios tons e pela voz de m\u00faltiplos narradores. Este conjunto de poemas [&hellip;]<\/p>\n","protected":false},"featured_media":107,"template":"","meta":{"advanced_seo_description":"","jetpack_seo_html_title":"","jetpack_seo_noindex":false},"product_brand":[],"product_cat":[19],"product_tag":[],"class_list":{"0":"post-251","1":"product","2":"type-product","3":"status-publish","4":"has-post-thumbnail","6":"product_cat-poesia","8":"first","9":"instock","10":"shipping-taxable","11":"purchasable","12":"product-type-simple"},"jetpack_sharing_enabled":true,"_links":{"self":[{"href":"https:\/\/busilis.click\/index.php?rest_route=\/wp\/v2\/product\/251","targetHints":{"allow":["GET"]}}],"collection":[{"href":"https:\/\/busilis.click\/index.php?rest_route=\/wp\/v2\/product"}],"about":[{"href":"https:\/\/busilis.click\/index.php?rest_route=\/wp\/v2\/types\/product"}],"wp:featuredmedia":[{"embeddable":true,"href":"https:\/\/busilis.click\/index.php?rest_route=\/wp\/v2\/media\/107"}],"wp:attachment":[{"href":"https:\/\/busilis.click\/index.php?rest_route=%2Fwp%2Fv2%2Fmedia&parent=251"}],"wp:term":[{"taxonomy":"product_brand","embeddable":true,"href":"https:\/\/busilis.click\/index.php?rest_route=%2Fwp%2Fv2%2Fproduct_brand&post=251"},{"taxonomy":"product_cat","embeddable":true,"href":"https:\/\/busilis.click\/index.php?rest_route=%2Fwp%2Fv2%2Fproduct_cat&post=251"},{"taxonomy":"product_tag","embeddable":true,"href":"https:\/\/busilis.click\/index.php?rest_route=%2Fwp%2Fv2%2Fproduct_tag&post=251"}],"curies":[{"name":"wp","href":"https:\/\/api.w.org\/{rel}","templated":true}]}}