{"id":252,"date":"2026-03-12T10:27:06","date_gmt":"2026-03-12T10:27:06","guid":{"rendered":"https:\/\/busilis.click\/?post_type=product&#038;p=252"},"modified":"2026-03-13T11:25:47","modified_gmt":"2026-03-13T11:25:47","slug":"sapatos-desapertados","status":"publish","type":"product","link":"https:\/\/busilis.click\/?product=sapatos-desapertados","title":{"rendered":"Sapatos (des)apertados"},"content":{"rendered":"<p>P\u00e9 ante p\u00e9, a poesia entrou na minha vida. N\u00e3o. Era como se em mim j\u00e1 existisse e eu n\u00e3o soubesse. Com ela apercebi-me de que h\u00e1 palavras que ganham for\u00e7a, quando de n\u00f3s se libertam, sem serem lavadas, enxugadas e penteadas.<br \/>\nA poesia \u00e9 um palco de qualquer um e de todos. E diz de boca cheia o que tem a dizer, porque n\u00e3o deve, na verdade, \u00e0 pr\u00f3pria verdade. Ela \u00e9 a perman\u00eancia. Ela humaniza-nos.<\/p>\n<p>Na lembran\u00e7a<br \/>\nSinto o teu amor<br \/>\nNa saudade<br \/>\nA vontade de te ter<br \/>\nE sigo adiante<br \/>\nSem pedras<br \/>\nDesapertada(mente)!<\/p>\n","protected":false},"excerpt":{"rendered":"<p>P\u00e9 ante p\u00e9, a poesia entrou na minha vida. N\u00e3o. Era como se em mim j\u00e1 existisse e eu n\u00e3o soubesse. Com ela apercebi-me de que h\u00e1 palavras que ganham for\u00e7a, quando de n\u00f3s se libertam, sem serem lavadas, enxugadas e penteadas. A poesia \u00e9 um palco de qualquer um e de todos. E diz [&hellip;]<\/p>\n","protected":false},"featured_media":106,"template":"","meta":{"advanced_seo_description":"","jetpack_seo_html_title":"","jetpack_seo_noindex":false},"product_brand":[],"product_cat":[19],"product_tag":[],"class_list":{"0":"post-252","1":"product","2":"type-product","3":"status-publish","4":"has-post-thumbnail","6":"product_cat-poesia","8":"first","9":"instock","10":"shipping-taxable","11":"purchasable","12":"product-type-simple"},"jetpack_sharing_enabled":true,"_links":{"self":[{"href":"https:\/\/busilis.click\/index.php?rest_route=\/wp\/v2\/product\/252","targetHints":{"allow":["GET"]}}],"collection":[{"href":"https:\/\/busilis.click\/index.php?rest_route=\/wp\/v2\/product"}],"about":[{"href":"https:\/\/busilis.click\/index.php?rest_route=\/wp\/v2\/types\/product"}],"wp:featuredmedia":[{"embeddable":true,"href":"https:\/\/busilis.click\/index.php?rest_route=\/wp\/v2\/media\/106"}],"wp:attachment":[{"href":"https:\/\/busilis.click\/index.php?rest_route=%2Fwp%2Fv2%2Fmedia&parent=252"}],"wp:term":[{"taxonomy":"product_brand","embeddable":true,"href":"https:\/\/busilis.click\/index.php?rest_route=%2Fwp%2Fv2%2Fproduct_brand&post=252"},{"taxonomy":"product_cat","embeddable":true,"href":"https:\/\/busilis.click\/index.php?rest_route=%2Fwp%2Fv2%2Fproduct_cat&post=252"},{"taxonomy":"product_tag","embeddable":true,"href":"https:\/\/busilis.click\/index.php?rest_route=%2Fwp%2Fv2%2Fproduct_tag&post=252"}],"curies":[{"name":"wp","href":"https:\/\/api.w.org\/{rel}","templated":true}]}}