{"id":253,"date":"2026-03-12T10:26:25","date_gmt":"2026-03-12T10:26:25","guid":{"rendered":"https:\/\/busilis.click\/?post_type=product&#038;p=253"},"modified":"2026-03-13T11:26:54","modified_gmt":"2026-03-13T11:26:54","slug":"insonhavel-aventura","status":"publish","type":"product","link":"https:\/\/busilis.click\/?product=insonhavel-aventura","title":{"rendered":"Insonh\u00e1vel Aventura"},"content":{"rendered":"<p>Livro de poemas de Manuela Vieira<\/p>\n<p>Hoje escutei o som dos passos ligeiros, dos passos cansados, dos passos apressados e lembrei-me dos meus; n\u00e3o eram valsa, nem tango. Sobejava sombra e faltava claridade. Raramente olho para dentro como devia, dou-me conta disso; pouco sei do que habita a minha alma. Oh! Pelos vistos desperdicei uma vida, ou, \u00e0s tantas, muitas delas, nas quais embarquei e deixei-me levar<br \/>\npelo vento.<br \/>\nMas o que eu vi hoje\u2026 O que vi! Ah! O que vi hoje foi encantador.<br \/>\nEra uma mulher com rugas de riso<br \/>\nParecia que desembrulhava peda\u00e7os de vida<br \/>\nQue carregava o dom de suportar.<br \/>\nEra uma mulher com rosto de crian\u00e7a<br \/>\nN\u00e3o aquela que ainda n\u00e3o cresceu<br \/>\nMas a que muitas vidas percorreu.<br \/>\nComo quem caminha por cima de um rio adormecido<br \/>\nEra uma mulher t\u00e3o cativante<br \/>\nCheirava a eternidade.<br \/>\nN\u00e3o a eternidade ainda n\u00e3o vivida<br \/>\nMas aquela que conhece o tempo das paridas.<br \/>\nEra uma mulher que mingara em altura<br \/>\nGuardava segredos da paci\u00eancia<br \/>\nEmprenhada de gl\u00f3rias e formosura<br \/>\nConquistadas por l\u00e1grimas apagadas, sem ci\u00eancia.<br \/>\nO que vi hoje foi incr\u00edvel<br \/>\nFiquei cheia de chuva farta<br \/>\nEra tanto milho que cresceu<br \/>\nNo tempo seco que em mim se afogou.<br \/>\nEla sorria, pisava o momento<br \/>\nRegado de idades suculentas<br \/>\nE eu, a\u00ed, engravidava de espantos!<br \/>\nHoje, quisera encontrar o meu sil\u00eancio e percebi que suportar o<br \/>\nque achava abomin\u00e1vel, n\u00e3o \u00e9 mais do que a oportunidade de<br \/>\nme encontrar comigo mesma, sem alaridos, nem masoquismos.<br \/>\nUm encontro nu e cru, na transpira\u00e7\u00e3o das melodias que esbatem<br \/>\nas ruas, as esquinas e os passeios por onde ando.<br \/>\nMergulhar na minha ess\u00eancia e olhar de frente o sonho, lutar por<br \/>\nele, \u00e9 a aventura mais incr\u00edvel da exist\u00eancia. Nela cabem todas<br \/>\nas aspira\u00e7\u00f5es e quem sabe os insonhados ou, at\u00e9 mesmo, os<br \/>\ninsonh\u00e1veis desejos da coragem.<br \/>\nInsonhada Aventura \u00e9 desafio que abra\u00e7o para fazer acontecer o<br \/>\nque deve ser feito. N\u00e3o \u00e9 \u00e0 toa que me deram este nome.<\/p>\n<p>Maria Acontece<\/p>\n","protected":false},"excerpt":{"rendered":"<p>Livro de poemas de Manuela Vieira Hoje escutei o som dos passos ligeiros, dos passos cansados, dos passos apressados e lembrei-me dos meus; n\u00e3o eram valsa, nem tango. Sobejava sombra e faltava claridade. Raramente olho para dentro como devia, dou-me conta disso; pouco sei do que habita a minha alma. Oh! Pelos vistos desperdicei uma [&hellip;]<\/p>\n","protected":false},"featured_media":109,"template":"","meta":{"advanced_seo_description":"","jetpack_seo_html_title":"","jetpack_seo_noindex":false},"product_brand":[],"product_cat":[19],"product_tag":[],"class_list":{"0":"post-253","1":"product","2":"type-product","3":"status-publish","4":"has-post-thumbnail","6":"product_cat-poesia","8":"first","9":"instock","10":"shipping-taxable","11":"product-type-simple"},"jetpack_sharing_enabled":true,"_links":{"self":[{"href":"https:\/\/busilis.click\/index.php?rest_route=\/wp\/v2\/product\/253","targetHints":{"allow":["GET"]}}],"collection":[{"href":"https:\/\/busilis.click\/index.php?rest_route=\/wp\/v2\/product"}],"about":[{"href":"https:\/\/busilis.click\/index.php?rest_route=\/wp\/v2\/types\/product"}],"wp:featuredmedia":[{"embeddable":true,"href":"https:\/\/busilis.click\/index.php?rest_route=\/wp\/v2\/media\/109"}],"wp:attachment":[{"href":"https:\/\/busilis.click\/index.php?rest_route=%2Fwp%2Fv2%2Fmedia&parent=253"}],"wp:term":[{"taxonomy":"product_brand","embeddable":true,"href":"https:\/\/busilis.click\/index.php?rest_route=%2Fwp%2Fv2%2Fproduct_brand&post=253"},{"taxonomy":"product_cat","embeddable":true,"href":"https:\/\/busilis.click\/index.php?rest_route=%2Fwp%2Fv2%2Fproduct_cat&post=253"},{"taxonomy":"product_tag","embeddable":true,"href":"https:\/\/busilis.click\/index.php?rest_route=%2Fwp%2Fv2%2Fproduct_tag&post=253"}],"curies":[{"name":"wp","href":"https:\/\/api.w.org\/{rel}","templated":true}]}}