{"id":254,"date":"2026-03-12T10:05:49","date_gmt":"2026-03-12T10:05:49","guid":{"rendered":"https:\/\/busilis.click\/?post_type=product&#038;p=254"},"modified":"2026-03-13T11:50:40","modified_gmt":"2026-03-13T11:50:40","slug":"estas-imagens-que-se-inscrevem-no-tempo","status":"publish","type":"product","link":"https:\/\/busilis.click\/?product=estas-imagens-que-se-inscrevem-no-tempo","title":{"rendered":"estas imagens que se inscrevem no tempo"},"content":{"rendered":"<p>\u00abestas imagens que se inscrevem no tempo\u00bb re\u00fane poemas simples, por vezes coloquiais, que emergem das reflex\u00f5es e viv\u00eancias do quotidiano e tentam (inutilmente, decerto) captar a ess\u00eancia da vida e do que somos, em cada tempo que nos \u00e9 dado viver.<br \/>\nO livro nasceu do fasc\u00ednio \u2013 ou obsess\u00e3o? \u2013 da autora por duas realidades em di\u00e1logo: as imagens e o tempo.<br \/>\nEm todos os poemas, de forma mais ou menos expl\u00edcita, deparamos com imagens, reais ou interiores: retratos, fotografias, pinturas, desenhos, vis\u00f5es, miragens, sonhos. Estas imagens ligam-se intrinsecamente a uma \u00e9poca. Parecem cravar-se no tempo, como que entalhadas atrav\u00e9s de um paciente trabalho de artes\u00e3o. As imagens inscrevem-se no tempo a que pertencem e a\u00ed permanecem. Para sempre.<br \/>\nO leitor \u00e9 convidado a acompanhar a poeta num percurso que parte da nostalgia inspirada pelo tempo que passou, para depois se centrar no \u201ceu\u201d e na vida que cada um de n\u00f3s constr\u00f3i ao longo dos dias e dos anos. Segue-se a express\u00e3o (pungente e dolorida) do sofrimento causado pelas perdas, que logo d\u00e1 lugar aos momentos de beleza e alegria que tantas vezes nos visitam. Finalmente, o percurso po\u00e9tico termina com o brilho dos instantes imprevistos, que a retina capta e as palavras ret\u00eam.<br \/>\nA dimens\u00e3o claramente visual de toda a obra \u00e9 complementada e enriquecida por ilustra\u00e7\u00f5es da autora, as quais abrem caminhos para novas interpreta\u00e7\u00f5es, que nascem do di\u00e1logo entre as diferentes linguagens.<\/p>\n","protected":false},"excerpt":{"rendered":"<p>\u00abestas imagens que se inscrevem no tempo\u00bb re\u00fane poemas simples, por vezes coloquiais, que emergem das reflex\u00f5es e viv\u00eancias do quotidiano e tentam (inutilmente, decerto) captar a ess\u00eancia da vida e do que somos, em cada tempo que nos \u00e9 dado viver. O livro nasceu do fasc\u00ednio \u2013 ou obsess\u00e3o? \u2013 da autora por duas [&hellip;]<\/p>\n","protected":false},"featured_media":108,"template":"","meta":{"advanced_seo_description":"","jetpack_seo_html_title":"","jetpack_seo_noindex":false},"product_brand":[],"product_cat":[15],"product_tag":[],"class_list":{"0":"post-254","1":"product","2":"type-product","3":"status-publish","4":"has-post-thumbnail","6":"product_cat-uncategorized","8":"first","9":"instock","10":"shipping-taxable","11":"purchasable","12":"product-type-simple"},"jetpack_sharing_enabled":true,"_links":{"self":[{"href":"https:\/\/busilis.click\/index.php?rest_route=\/wp\/v2\/product\/254","targetHints":{"allow":["GET"]}}],"collection":[{"href":"https:\/\/busilis.click\/index.php?rest_route=\/wp\/v2\/product"}],"about":[{"href":"https:\/\/busilis.click\/index.php?rest_route=\/wp\/v2\/types\/product"}],"wp:featuredmedia":[{"embeddable":true,"href":"https:\/\/busilis.click\/index.php?rest_route=\/wp\/v2\/media\/108"}],"wp:attachment":[{"href":"https:\/\/busilis.click\/index.php?rest_route=%2Fwp%2Fv2%2Fmedia&parent=254"}],"wp:term":[{"taxonomy":"product_brand","embeddable":true,"href":"https:\/\/busilis.click\/index.php?rest_route=%2Fwp%2Fv2%2Fproduct_brand&post=254"},{"taxonomy":"product_cat","embeddable":true,"href":"https:\/\/busilis.click\/index.php?rest_route=%2Fwp%2Fv2%2Fproduct_cat&post=254"},{"taxonomy":"product_tag","embeddable":true,"href":"https:\/\/busilis.click\/index.php?rest_route=%2Fwp%2Fv2%2Fproduct_tag&post=254"}],"curies":[{"name":"wp","href":"https:\/\/api.w.org\/{rel}","templated":true}]}}