{"id":255,"date":"2026-03-12T10:06:04","date_gmt":"2026-03-12T10:06:04","guid":{"rendered":"https:\/\/busilis.click\/?post_type=product&#038;p=255"},"modified":"2026-03-13T11:51:20","modified_gmt":"2026-03-13T11:51:20","slug":"amaranthine","status":"publish","type":"product","link":"https:\/\/busilis.click\/?product=amaranthine","title":{"rendered":"Amaranthine"},"content":{"rendered":"<p>Declara\u00e7\u00e3o de amor de Anabela Borges \u00e0 sua terra-natal, Amarante!<\/p>\n","protected":false},"excerpt":{"rendered":"<p>Declara\u00e7\u00e3o de amor de Anabela Borges \u00e0 sua terra-natal, Amarante!<\/p>\n","protected":false},"featured_media":110,"template":"","meta":{"advanced_seo_description":"","jetpack_seo_html_title":"","jetpack_seo_noindex":false},"product_brand":[],"product_cat":[19],"product_tag":[],"class_list":{"0":"post-255","1":"product","2":"type-product","3":"status-publish","4":"has-post-thumbnail","6":"product_cat-poesia","8":"first","9":"instock","10":"shipping-taxable","11":"purchasable","12":"product-type-simple"},"jetpack_sharing_enabled":true,"_links":{"self":[{"href":"https:\/\/busilis.click\/index.php?rest_route=\/wp\/v2\/product\/255","targetHints":{"allow":["GET"]}}],"collection":[{"href":"https:\/\/busilis.click\/index.php?rest_route=\/wp\/v2\/product"}],"about":[{"href":"https:\/\/busilis.click\/index.php?rest_route=\/wp\/v2\/types\/product"}],"wp:featuredmedia":[{"embeddable":true,"href":"https:\/\/busilis.click\/index.php?rest_route=\/wp\/v2\/media\/110"}],"wp:attachment":[{"href":"https:\/\/busilis.click\/index.php?rest_route=%2Fwp%2Fv2%2Fmedia&parent=255"}],"wp:term":[{"taxonomy":"product_brand","embeddable":true,"href":"https:\/\/busilis.click\/index.php?rest_route=%2Fwp%2Fv2%2Fproduct_brand&post=255"},{"taxonomy":"product_cat","embeddable":true,"href":"https:\/\/busilis.click\/index.php?rest_route=%2Fwp%2Fv2%2Fproduct_cat&post=255"},{"taxonomy":"product_tag","embeddable":true,"href":"https:\/\/busilis.click\/index.php?rest_route=%2Fwp%2Fv2%2Fproduct_tag&post=255"}],"curies":[{"name":"wp","href":"https:\/\/api.w.org\/{rel}","templated":true}]}}