{"id":257,"date":"2026-03-12T10:25:07","date_gmt":"2026-03-12T10:25:07","guid":{"rendered":"https:\/\/busilis.click\/?post_type=product&#038;p=257"},"modified":"2026-03-13T11:29:38","modified_gmt":"2026-03-13T11:29:38","slug":"noticias-fugazes-do-amor","status":"publish","type":"product","link":"https:\/\/busilis.click\/?product=noticias-fugazes-do-amor","title":{"rendered":"Not\u00edcias Fugazes do Amor"},"content":{"rendered":"<p>Jo\u00e3o Manuel Ribeiro abre, nestes poemas, uma das portas do amor que muitas vezes \u00e9 aberta em forma de verso: a do amor rom\u00e2ntico que fere e inquieta, por\u00e9m, desfazendo-se dos abrandamentos das palavras que muitos poetas lan\u00e7am m\u00e3o para tornar a po\u00e9tica menos carnal. Como um rasgo, um corte, uma marca dolorida sobre a pele, Jo\u00e3o Manuel Ribeiro escreve os seus poemas como quem acaba de experimentar todas as sensa\u00e7\u00f5es que lhe deram origem, como quem acaba de os vivenciar, n\u00e3o somente no plano da cria\u00e7\u00e3o, mas no plano da realidade. E mais uma vez me pergunto: a realidade tamb\u00e9m n\u00e3o \u00e9 uma recria\u00e7\u00e3o? (&#8230;)<\/p>\n<p>\u00abNot\u00edcias Fugazes do Amor\u00bb \u00e9 um relato, um retiro, um desabafo, uma fenda. Manoel Ant\u00f3nio Pina, poeta conterr\u00e2neo de Jo\u00e3o Manuel Ribeiro, disse certa vez: &#8220;Frequentemente escreve-se poesia e fazem-se versos tamb\u00e9m para encontrar um ref\u00fagio&#8221;. \u00c9 esta a impress\u00e3o que se tem quando nos relemos nos versos de Jo\u00e3o Manuel que cantam as derivas e os temporais da alma em estado de colis\u00e3o, de paix\u00e3o, de ref\u00fagio.&#8221;&#8221; [Do posf\u00e1cio] [Emiliana Carvalho, Salvador &#8211; Bahia &#8211; Brasil 22.12.2016]<\/p>\n<p>ISBN: 9789898582553 &#8211; Ano: 2017 &#8211; Dimens\u00f5es: 124 x 204 x 5 mm &#8211; Encaderna\u00e7\u00e3o: Capa mole &#8211; P\u00e1ginas: 56<\/p>\n","protected":false},"excerpt":{"rendered":"<p>Jo\u00e3o Manuel Ribeiro abre, nestes poemas, uma das portas do amor que muitas vezes \u00e9 aberta em forma de verso: a do amor rom\u00e2ntico que fere e inquieta, por\u00e9m, desfazendo-se dos abrandamentos das palavras que muitos poetas lan\u00e7am m\u00e3o para tornar a po\u00e9tica menos carnal. Como um rasgo, um corte, uma marca dolorida sobre a [&hellip;]<\/p>\n","protected":false},"featured_media":112,"template":"","meta":{"advanced_seo_description":"","jetpack_seo_html_title":"","jetpack_seo_noindex":false},"product_brand":[],"product_cat":[19],"product_tag":[],"class_list":{"0":"post-257","1":"product","2":"type-product","3":"status-publish","4":"has-post-thumbnail","6":"product_cat-poesia","8":"first","9":"instock","10":"shipping-taxable","11":"product-type-simple"},"jetpack_sharing_enabled":true,"_links":{"self":[{"href":"https:\/\/busilis.click\/index.php?rest_route=\/wp\/v2\/product\/257","targetHints":{"allow":["GET"]}}],"collection":[{"href":"https:\/\/busilis.click\/index.php?rest_route=\/wp\/v2\/product"}],"about":[{"href":"https:\/\/busilis.click\/index.php?rest_route=\/wp\/v2\/types\/product"}],"wp:featuredmedia":[{"embeddable":true,"href":"https:\/\/busilis.click\/index.php?rest_route=\/wp\/v2\/media\/112"}],"wp:attachment":[{"href":"https:\/\/busilis.click\/index.php?rest_route=%2Fwp%2Fv2%2Fmedia&parent=257"}],"wp:term":[{"taxonomy":"product_brand","embeddable":true,"href":"https:\/\/busilis.click\/index.php?rest_route=%2Fwp%2Fv2%2Fproduct_brand&post=257"},{"taxonomy":"product_cat","embeddable":true,"href":"https:\/\/busilis.click\/index.php?rest_route=%2Fwp%2Fv2%2Fproduct_cat&post=257"},{"taxonomy":"product_tag","embeddable":true,"href":"https:\/\/busilis.click\/index.php?rest_route=%2Fwp%2Fv2%2Fproduct_tag&post=257"}],"curies":[{"name":"wp","href":"https:\/\/api.w.org\/{rel}","templated":true}]}}