{"id":258,"date":"2026-03-12T10:24:38","date_gmt":"2026-03-12T10:24:38","guid":{"rendered":"https:\/\/busilis.click\/?post_type=product&#038;p=258"},"modified":"2026-03-13T11:30:01","modified_gmt":"2026-03-13T11:30:01","slug":"a-cidade-irascivel","status":"publish","type":"product","link":"https:\/\/busilis.click\/?product=a-cidade-irascivel","title":{"rendered":"A Cidade Irasc\u00edvel"},"content":{"rendered":"<p>A Cidade Irasc\u00edvel \u00e9 um livro de poemas carregados de humor, ironia, sarcasmo e cr\u00edtica. Parte da ideia de uma cidade, ora resignada, ora irasc\u00edvel, em que tudo e todos s\u00e3o escrutinados pelo olhar mordaz do poeta.<br \/>\nUm exerc\u00edcio de louca lucidez!<\/p>\n<p>A cidade \u00e9 um astro descontrolado<br \/>\ncom sat\u00e9lites de bet\u00e3o na sua \u00f3rbita<br \/>\nsat\u00e9lites de sono dormit\u00f3rios sombrios<br \/>\ncorrupio de formigas-de-fogo acesas<br \/>\n\u00e9 um inc\u00eandio de pressa a vida na cidade<br \/>\nsem tempo para a melancolia o rasto<br \/>\nde cinza indicia a solid\u00e3o (s\u00f3)negada<br \/>\npelos invis\u00edveis ladr\u00f5es do tempo<br \/>\ncriados pelo grande deus cosmopolita<\/p>\n<p>ISBN: 9789898582591 &#8211; Ano: 2018 &#8211; Dimens\u00f5es: 125 x 206 x 5 mm &#8211; Encaderna\u00e7\u00e3o: Capa mole &#8211; P\u00e1ginas: 80<\/p>\n","protected":false},"excerpt":{"rendered":"<p>A Cidade Irasc\u00edvel \u00e9 um livro de poemas carregados de humor, ironia, sarcasmo e cr\u00edtica. Parte da ideia de uma cidade, ora resignada, ora irasc\u00edvel, em que tudo e todos s\u00e3o escrutinados pelo olhar mordaz do poeta. Um exerc\u00edcio de louca lucidez! A cidade \u00e9 um astro descontrolado com sat\u00e9lites de bet\u00e3o na sua \u00f3rbita [&hellip;]<\/p>\n","protected":false},"featured_media":113,"template":"","meta":{"advanced_seo_description":"","jetpack_seo_html_title":"","jetpack_seo_noindex":false},"product_brand":[],"product_cat":[19],"product_tag":[],"class_list":{"0":"post-258","1":"product","2":"type-product","3":"status-publish","4":"has-post-thumbnail","6":"product_cat-poesia","8":"first","9":"instock","10":"shipping-taxable","11":"purchasable","12":"product-type-simple"},"jetpack_sharing_enabled":true,"_links":{"self":[{"href":"https:\/\/busilis.click\/index.php?rest_route=\/wp\/v2\/product\/258","targetHints":{"allow":["GET"]}}],"collection":[{"href":"https:\/\/busilis.click\/index.php?rest_route=\/wp\/v2\/product"}],"about":[{"href":"https:\/\/busilis.click\/index.php?rest_route=\/wp\/v2\/types\/product"}],"wp:featuredmedia":[{"embeddable":true,"href":"https:\/\/busilis.click\/index.php?rest_route=\/wp\/v2\/media\/113"}],"wp:attachment":[{"href":"https:\/\/busilis.click\/index.php?rest_route=%2Fwp%2Fv2%2Fmedia&parent=258"}],"wp:term":[{"taxonomy":"product_brand","embeddable":true,"href":"https:\/\/busilis.click\/index.php?rest_route=%2Fwp%2Fv2%2Fproduct_brand&post=258"},{"taxonomy":"product_cat","embeddable":true,"href":"https:\/\/busilis.click\/index.php?rest_route=%2Fwp%2Fv2%2Fproduct_cat&post=258"},{"taxonomy":"product_tag","embeddable":true,"href":"https:\/\/busilis.click\/index.php?rest_route=%2Fwp%2Fv2%2Fproduct_tag&post=258"}],"curies":[{"name":"wp","href":"https:\/\/api.w.org\/{rel}","templated":true}]}}