{"id":259,"date":"2026-03-12T10:24:05","date_gmt":"2026-03-12T10:24:05","guid":{"rendered":"https:\/\/busilis.click\/?post_type=product&#038;p=259"},"modified":"2026-03-13T11:31:06","modified_gmt":"2026-03-13T11:31:06","slug":"viver-comigo-como-lido-com-os-desafios-das-minhas-deficiencias","status":"publish","type":"product","link":"https:\/\/busilis.click\/?product=viver-comigo-como-lido-com-os-desafios-das-minhas-deficiencias","title":{"rendered":"Viver Comigo &#8211; Como lido com os desafios das minhas defici\u00eancias"},"content":{"rendered":"<p>Uma das frases que mais ou\u00e7o quando falo da minha experi\u00eancia com a cegueira \u00e9: &#8220;n\u00e3o imagino como \u00e9 poss\u00edvel viver assim&#8221;; e outra: &#8220;tem muita coragem, eu n\u00e3o sei se conseguiria&#8221; (sublinho que apenas est\u00e3o focados na cegueira, por ser o que s\u00f3 conhecem da minha hist\u00f3ria).<\/p>\n<p>A resposta que alcancei depois de muita vida vivida \u00e9 esta: \u00e9 uma escolha entre duas alternativas, ou continuar a viver da melhor forma com o que se tem ou deixar de viver, ficar a ver a vida passar; \u00e9 uma op\u00e7\u00e3o de vida, com estas ou aquelas limita\u00e7\u00f5es e dificuldades acrescidas, mas uma op\u00e7\u00e3o. E a minha foi a primeira.<\/p>\n<p>ISBN: 9789898582980 &#8211; Ano: 2021 &#8211; Dimens\u00f5es: 155 x 220 x 10 mm &#8211; Encaderna\u00e7\u00e3o: Capa mole &#8211; P\u00e1ginas: 170<\/p>\n","protected":false},"excerpt":{"rendered":"<p>Uma das frases que mais ou\u00e7o quando falo da minha experi\u00eancia com a cegueira \u00e9: &#8220;n\u00e3o imagino como \u00e9 poss\u00edvel viver assim&#8221;; e outra: &#8220;tem muita coragem, eu n\u00e3o sei se conseguiria&#8221; (sublinho que apenas est\u00e3o focados na cegueira, por ser o que s\u00f3 conhecem da minha hist\u00f3ria). A resposta que alcancei depois de muita [&hellip;]<\/p>\n","protected":false},"featured_media":99,"template":"","meta":{"advanced_seo_description":"","jetpack_seo_html_title":"","jetpack_seo_noindex":false},"product_brand":[],"product_cat":[22],"product_tag":[],"class_list":{"0":"post-259","1":"product","2":"type-product","3":"status-publish","4":"has-post-thumbnail","6":"product_cat-nao-ficcao","8":"first","9":"instock","10":"shipping-taxable","11":"purchasable","12":"product-type-simple"},"jetpack_sharing_enabled":true,"_links":{"self":[{"href":"https:\/\/busilis.click\/index.php?rest_route=\/wp\/v2\/product\/259","targetHints":{"allow":["GET"]}}],"collection":[{"href":"https:\/\/busilis.click\/index.php?rest_route=\/wp\/v2\/product"}],"about":[{"href":"https:\/\/busilis.click\/index.php?rest_route=\/wp\/v2\/types\/product"}],"wp:featuredmedia":[{"embeddable":true,"href":"https:\/\/busilis.click\/index.php?rest_route=\/wp\/v2\/media\/99"}],"wp:attachment":[{"href":"https:\/\/busilis.click\/index.php?rest_route=%2Fwp%2Fv2%2Fmedia&parent=259"}],"wp:term":[{"taxonomy":"product_brand","embeddable":true,"href":"https:\/\/busilis.click\/index.php?rest_route=%2Fwp%2Fv2%2Fproduct_brand&post=259"},{"taxonomy":"product_cat","embeddable":true,"href":"https:\/\/busilis.click\/index.php?rest_route=%2Fwp%2Fv2%2Fproduct_cat&post=259"},{"taxonomy":"product_tag","embeddable":true,"href":"https:\/\/busilis.click\/index.php?rest_route=%2Fwp%2Fv2%2Fproduct_tag&post=259"}],"curies":[{"name":"wp","href":"https:\/\/api.w.org\/{rel}","templated":true}]}}