{"id":261,"date":"2026-03-12T10:23:30","date_gmt":"2026-03-12T10:23:30","guid":{"rendered":"https:\/\/busilis.click\/?post_type=product&#038;p=261"},"modified":"2026-03-13T11:31:42","modified_gmt":"2026-03-13T11:31:42","slug":"tricornio","status":"publish","type":"product","link":"https:\/\/busilis.click\/?product=tricornio","title":{"rendered":"Tric\u00f3rnio"},"content":{"rendered":"<div>Estre tric\u00f3nio cont\u00e9m 42 haikus tremendamente provocat\u00f3rios para a intelig\u00eancia e os sentidos!<\/div>\n<div><\/div>\n<div>ISBN: 9789898582751 &#8211; Ano: 2019 &#8211; Dimens\u00f5es: 138 x 139 x 4 mm &#8211; Encaderna\u00e7\u00e3o: Capa mole &#8211; P\u00e1ginas: 64<\/div>\n","protected":false},"excerpt":{"rendered":"<p>Estre tric\u00f3nio cont\u00e9m 42 haikus tremendamente provocat\u00f3rios para a intelig\u00eancia e os sentidos! ISBN: 9789898582751 &#8211; Ano: 2019 &#8211; Dimens\u00f5es: 138 x 139 x 4 mm &#8211; Encaderna\u00e7\u00e3o: Capa mole &#8211; P\u00e1ginas: 64<\/p>\n","protected":false},"featured_media":101,"template":"","meta":{"advanced_seo_description":"","jetpack_seo_html_title":"","jetpack_seo_noindex":false},"product_brand":[],"product_cat":[21],"product_tag":[],"class_list":{"0":"post-261","1":"product","2":"type-product","3":"status-publish","4":"has-post-thumbnail","6":"product_cat-cerne","8":"first","9":"instock","10":"shipping-taxable","11":"purchasable","12":"product-type-simple"},"jetpack_sharing_enabled":true,"_links":{"self":[{"href":"https:\/\/busilis.click\/index.php?rest_route=\/wp\/v2\/product\/261","targetHints":{"allow":["GET"]}}],"collection":[{"href":"https:\/\/busilis.click\/index.php?rest_route=\/wp\/v2\/product"}],"about":[{"href":"https:\/\/busilis.click\/index.php?rest_route=\/wp\/v2\/types\/product"}],"wp:featuredmedia":[{"embeddable":true,"href":"https:\/\/busilis.click\/index.php?rest_route=\/wp\/v2\/media\/101"}],"wp:attachment":[{"href":"https:\/\/busilis.click\/index.php?rest_route=%2Fwp%2Fv2%2Fmedia&parent=261"}],"wp:term":[{"taxonomy":"product_brand","embeddable":true,"href":"https:\/\/busilis.click\/index.php?rest_route=%2Fwp%2Fv2%2Fproduct_brand&post=261"},{"taxonomy":"product_cat","embeddable":true,"href":"https:\/\/busilis.click\/index.php?rest_route=%2Fwp%2Fv2%2Fproduct_cat&post=261"},{"taxonomy":"product_tag","embeddable":true,"href":"https:\/\/busilis.click\/index.php?rest_route=%2Fwp%2Fv2%2Fproduct_tag&post=261"}],"curies":[{"name":"wp","href":"https:\/\/api.w.org\/{rel}","templated":true}]}}