{"id":262,"date":"2026-03-12T10:22:52","date_gmt":"2026-03-12T10:22:52","guid":{"rendered":"https:\/\/busilis.click\/?post_type=product&#038;p=262"},"modified":"2026-03-13T11:32:08","modified_gmt":"2026-03-13T11:32:08","slug":"uma-mentira-branda","status":"publish","type":"product","link":"https:\/\/busilis.click\/?product=uma-mentira-branda","title":{"rendered":"Uma Mentira Branda"},"content":{"rendered":"<p>Com tradu\u00e7\u00e3o de Francisco Jos\u00e9 Craveiro de Carvalho, este Uma Mentira Branda apresenta Tankas e Haukus deste conceituado norte-americano, cultor das formas breves, sobretudo dos tanka!<\/p>\n<p>ISBN: 9789898582782 &#8211; Ano: 2019 &#8211; Dimens\u00f5es: 139 x 138 x 4 mm &#8211; Encaderna\u00e7\u00e3o: Capa mole &#8211; P\u00e1ginas: 70<\/p>\n","protected":false},"excerpt":{"rendered":"<p>Com tradu\u00e7\u00e3o de Francisco Jos\u00e9 Craveiro de Carvalho, este Uma Mentira Branda apresenta Tankas e Haukus deste conceituado norte-americano, cultor das formas breves, sobretudo dos tanka! ISBN: 9789898582782 &#8211; Ano: 2019 &#8211; Dimens\u00f5es: 139 x 138 x 4 mm &#8211; Encaderna\u00e7\u00e3o: Capa mole &#8211; P\u00e1ginas: 70<\/p>\n","protected":false},"featured_media":100,"template":"","meta":{"advanced_seo_description":"","jetpack_seo_html_title":"","jetpack_seo_noindex":false},"product_brand":[],"product_cat":[21],"product_tag":[],"class_list":{"0":"post-262","1":"product","2":"type-product","3":"status-publish","4":"has-post-thumbnail","6":"product_cat-cerne","8":"first","9":"instock","10":"shipping-taxable","11":"purchasable","12":"product-type-simple"},"jetpack_sharing_enabled":true,"_links":{"self":[{"href":"https:\/\/busilis.click\/index.php?rest_route=\/wp\/v2\/product\/262","targetHints":{"allow":["GET"]}}],"collection":[{"href":"https:\/\/busilis.click\/index.php?rest_route=\/wp\/v2\/product"}],"about":[{"href":"https:\/\/busilis.click\/index.php?rest_route=\/wp\/v2\/types\/product"}],"wp:featuredmedia":[{"embeddable":true,"href":"https:\/\/busilis.click\/index.php?rest_route=\/wp\/v2\/media\/100"}],"wp:attachment":[{"href":"https:\/\/busilis.click\/index.php?rest_route=%2Fwp%2Fv2%2Fmedia&parent=262"}],"wp:term":[{"taxonomy":"product_brand","embeddable":true,"href":"https:\/\/busilis.click\/index.php?rest_route=%2Fwp%2Fv2%2Fproduct_brand&post=262"},{"taxonomy":"product_cat","embeddable":true,"href":"https:\/\/busilis.click\/index.php?rest_route=%2Fwp%2Fv2%2Fproduct_cat&post=262"},{"taxonomy":"product_tag","embeddable":true,"href":"https:\/\/busilis.click\/index.php?rest_route=%2Fwp%2Fv2%2Fproduct_tag&post=262"}],"curies":[{"name":"wp","href":"https:\/\/api.w.org\/{rel}","templated":true}]}}