{"id":263,"date":"2026-03-12T10:22:18","date_gmt":"2026-03-12T10:22:18","guid":{"rendered":"https:\/\/busilis.click\/?post_type=product&#038;p=263"},"modified":"2026-03-13T11:32:32","modified_gmt":"2026-03-13T11:32:32","slug":"o-beijo-dos-relampagos-a-montanha","status":"publish","type":"product","link":"https:\/\/busilis.click\/?product=o-beijo-dos-relampagos-a-montanha","title":{"rendered":"O Beijo dos Rel\u00e2mpagos \u00e0 Montanha"},"content":{"rendered":"<p>Um novo livro de haikus, desta vez sobre o ed\u00edlico da montanha beijada por rel\u00e2mpagos e orgasmos de luz!<\/p>\n<p>ISBN: 9789898582768 &#8211; Ano: 2019 &#8211; Dimens\u00f5es: 140 x 139 x 4 mm &#8211; Encaderna\u00e7\u00e3o: Capa mole &#8211; P\u00e1ginas: 64<\/p>\n","protected":false},"excerpt":{"rendered":"<p>Um novo livro de haikus, desta vez sobre o ed\u00edlico da montanha beijada por rel\u00e2mpagos e orgasmos de luz! ISBN: 9789898582768 &#8211; Ano: 2019 &#8211; Dimens\u00f5es: 140 x 139 x 4 mm &#8211; Encaderna\u00e7\u00e3o: Capa mole &#8211; P\u00e1ginas: 64<\/p>\n","protected":false},"featured_media":290,"template":"","meta":{"advanced_seo_description":"","jetpack_seo_html_title":"","jetpack_seo_noindex":false},"product_brand":[],"product_cat":[21],"product_tag":[],"class_list":{"0":"post-263","1":"product","2":"type-product","3":"status-publish","4":"has-post-thumbnail","6":"product_cat-cerne","8":"first","9":"instock","10":"shipping-taxable","11":"purchasable","12":"product-type-simple"},"jetpack_sharing_enabled":true,"_links":{"self":[{"href":"https:\/\/busilis.click\/index.php?rest_route=\/wp\/v2\/product\/263","targetHints":{"allow":["GET"]}}],"collection":[{"href":"https:\/\/busilis.click\/index.php?rest_route=\/wp\/v2\/product"}],"about":[{"href":"https:\/\/busilis.click\/index.php?rest_route=\/wp\/v2\/types\/product"}],"wp:featuredmedia":[{"embeddable":true,"href":"https:\/\/busilis.click\/index.php?rest_route=\/wp\/v2\/media\/290"}],"wp:attachment":[{"href":"https:\/\/busilis.click\/index.php?rest_route=%2Fwp%2Fv2%2Fmedia&parent=263"}],"wp:term":[{"taxonomy":"product_brand","embeddable":true,"href":"https:\/\/busilis.click\/index.php?rest_route=%2Fwp%2Fv2%2Fproduct_brand&post=263"},{"taxonomy":"product_cat","embeddable":true,"href":"https:\/\/busilis.click\/index.php?rest_route=%2Fwp%2Fv2%2Fproduct_cat&post=263"},{"taxonomy":"product_tag","embeddable":true,"href":"https:\/\/busilis.click\/index.php?rest_route=%2Fwp%2Fv2%2Fproduct_tag&post=263"}],"curies":[{"name":"wp","href":"https:\/\/api.w.org\/{rel}","templated":true}]}}