{"id":264,"date":"2026-03-12T10:21:08","date_gmt":"2026-03-12T10:21:08","guid":{"rendered":"https:\/\/busilis.click\/?post_type=product&#038;p=264"},"modified":"2026-03-13T11:32:54","modified_gmt":"2026-03-13T11:32:54","slug":"o-que-mata-a-sede-do-mar","status":"publish","type":"product","link":"https:\/\/busilis.click\/?product=o-que-mata-a-sede-do-mar","title":{"rendered":"O que Mata a Sede do Mar"},"content":{"rendered":"<p>O Que Mata a Sede do Mar cont\u00eam 42 haikus (ou haicais) em que o mar (e os rio, as pontes, a \u00e1gua) ocupa(m) um lugar essencial, seja pela significativa relev\u00e2ncia sem\u00e2ntica, seja pela mo(n)dula\u00e7\u00e3o lingu\u00edstica que o poeta lhe confere.<\/p>\n<p>Este \u00e9, seguramente, um livro para matar a sede&#8230;<\/p>\n","protected":false},"excerpt":{"rendered":"<p>O Que Mata a Sede do Mar cont\u00eam 42 haikus (ou haicais) em que o mar (e os rio, as pontes, a \u00e1gua) ocupa(m) um lugar essencial, seja pela significativa relev\u00e2ncia sem\u00e2ntica, seja pela mo(n)dula\u00e7\u00e3o lingu\u00edstica que o poeta lhe confere. Este \u00e9, seguramente, um livro para matar a sede&#8230;<\/p>\n","protected":false},"featured_media":283,"template":"","meta":{"advanced_seo_description":"","jetpack_seo_html_title":"","jetpack_seo_noindex":false},"product_brand":[],"product_cat":[21],"product_tag":[],"class_list":{"0":"post-264","1":"product","2":"type-product","3":"status-publish","4":"has-post-thumbnail","6":"product_cat-cerne","8":"first","9":"instock","10":"shipping-taxable","11":"purchasable","12":"product-type-simple"},"jetpack_sharing_enabled":true,"_links":{"self":[{"href":"https:\/\/busilis.click\/index.php?rest_route=\/wp\/v2\/product\/264","targetHints":{"allow":["GET"]}}],"collection":[{"href":"https:\/\/busilis.click\/index.php?rest_route=\/wp\/v2\/product"}],"about":[{"href":"https:\/\/busilis.click\/index.php?rest_route=\/wp\/v2\/types\/product"}],"wp:featuredmedia":[{"embeddable":true,"href":"https:\/\/busilis.click\/index.php?rest_route=\/wp\/v2\/media\/283"}],"wp:attachment":[{"href":"https:\/\/busilis.click\/index.php?rest_route=%2Fwp%2Fv2%2Fmedia&parent=264"}],"wp:term":[{"taxonomy":"product_brand","embeddable":true,"href":"https:\/\/busilis.click\/index.php?rest_route=%2Fwp%2Fv2%2Fproduct_brand&post=264"},{"taxonomy":"product_cat","embeddable":true,"href":"https:\/\/busilis.click\/index.php?rest_route=%2Fwp%2Fv2%2Fproduct_cat&post=264"},{"taxonomy":"product_tag","embeddable":true,"href":"https:\/\/busilis.click\/index.php?rest_route=%2Fwp%2Fv2%2Fproduct_tag&post=264"}],"curies":[{"name":"wp","href":"https:\/\/api.w.org\/{rel}","templated":true}]}}