{"id":265,"date":"2026-03-12T10:20:37","date_gmt":"2026-03-12T10:20:37","guid":{"rendered":"https:\/\/busilis.click\/?post_type=product&#038;p=265"},"modified":"2026-03-13T11:33:37","modified_gmt":"2026-03-13T11:33:37","slug":"haikuases","status":"publish","type":"product","link":"https:\/\/busilis.click\/?product=haikuases","title":{"rendered":"Haikuases"},"content":{"rendered":"<p>Pedro Teixeira Neves n\u00e3o \u00e9 mestre em nada, muito menos na arte do Haiku. O autor tenta simplesmente brincar com as palavras e as emo\u00e7\u00f5es. A l\u00edngua portuguesa vai-lhe servindo o prop\u00f3sito, temendo contudo n\u00e3o desmerec\u00ea-la. Publica agora este conjunto de &#8220;Haikuases&#8221;, apenas no formato dos tr\u00eas versos imediatamente devedores da f\u00f3rmula po\u00e9tica japonesa. Quanto ao mais, no caso ao menos, \u00e9 poesia, leitores e leitoras; que ela possa ser um sinal ou um arrepio j\u00e1 o poeta se daria por contente.<br \/>\nComo sugere a ilustra\u00e7\u00e3o, este \u00e9 um livro que, pela sua excessiva beleza, pode certamente \u00abvirar a cabe\u00e7a\u00bb ao leitor e faz\u00ea-lo exclamar \u00abtudo pelo amor aos livros\u00bb.<\/p>\n<p>ISBN: 9789898582447 &#8211; Ano: 2016 &#8211; Dimens\u00f5es: 141 x 140 x 8 mm &#8211; Encaderna\u00e7\u00e3o: Capa mole &#8211; P\u00e1ginas: 80<\/p>\n","protected":false},"excerpt":{"rendered":"<p>Pedro Teixeira Neves n\u00e3o \u00e9 mestre em nada, muito menos na arte do Haiku. O autor tenta simplesmente brincar com as palavras e as emo\u00e7\u00f5es. A l\u00edngua portuguesa vai-lhe servindo o prop\u00f3sito, temendo contudo n\u00e3o desmerec\u00ea-la. Publica agora este conjunto de &#8220;Haikuases&#8221;, apenas no formato dos tr\u00eas versos imediatamente devedores da f\u00f3rmula po\u00e9tica japonesa. Quanto [&hellip;]<\/p>\n","protected":false},"featured_media":104,"template":"","meta":{"advanced_seo_description":"","jetpack_seo_html_title":"","jetpack_seo_noindex":false},"product_brand":[],"product_cat":[21],"product_tag":[],"class_list":{"0":"post-265","1":"product","2":"type-product","3":"status-publish","4":"has-post-thumbnail","6":"product_cat-cerne","8":"first","9":"instock","10":"shipping-taxable","11":"purchasable","12":"product-type-simple"},"jetpack_sharing_enabled":true,"_links":{"self":[{"href":"https:\/\/busilis.click\/index.php?rest_route=\/wp\/v2\/product\/265","targetHints":{"allow":["GET"]}}],"collection":[{"href":"https:\/\/busilis.click\/index.php?rest_route=\/wp\/v2\/product"}],"about":[{"href":"https:\/\/busilis.click\/index.php?rest_route=\/wp\/v2\/types\/product"}],"wp:featuredmedia":[{"embeddable":true,"href":"https:\/\/busilis.click\/index.php?rest_route=\/wp\/v2\/media\/104"}],"wp:attachment":[{"href":"https:\/\/busilis.click\/index.php?rest_route=%2Fwp%2Fv2%2Fmedia&parent=265"}],"wp:term":[{"taxonomy":"product_brand","embeddable":true,"href":"https:\/\/busilis.click\/index.php?rest_route=%2Fwp%2Fv2%2Fproduct_brand&post=265"},{"taxonomy":"product_cat","embeddable":true,"href":"https:\/\/busilis.click\/index.php?rest_route=%2Fwp%2Fv2%2Fproduct_cat&post=265"},{"taxonomy":"product_tag","embeddable":true,"href":"https:\/\/busilis.click\/index.php?rest_route=%2Fwp%2Fv2%2Fproduct_tag&post=265"}],"curies":[{"name":"wp","href":"https:\/\/api.w.org\/{rel}","templated":true}]}}