{"id":266,"date":"2026-03-12T10:19:58","date_gmt":"2026-03-12T10:19:58","guid":{"rendered":"https:\/\/busilis.click\/?post_type=product&#038;p=266"},"modified":"2026-03-13T11:34:03","modified_gmt":"2026-03-13T11:34:03","slug":"burburinhos-rumbles","status":"publish","type":"product","link":"https:\/\/busilis.click\/?product=burburinhos-rumbles","title":{"rendered":"Burburinhos | Rumbles"},"content":{"rendered":"<p>Neste primeiro livro da BUSILIS, chancela de poesia para adultos &amp; n\u00e3o s\u00f3, Jo\u00e3o Manuel Ribeiro apresenta trinta haikus \/haikai (em portugu\u00eas e ingl\u00eas), a modo de tumultuoso rumor, inquieto sussurro e o mais que o leitor queira conjecturar.<\/p>\n<p>ISBN: 9789898582300 &#8211; Ano: 2015 &#8211; Dimens\u00f5es: 138 x 138 x 4 mm &#8211; Encaderna\u00e7\u00e3o: Capa mole &#8211; P\u00e1ginas: 64<\/p>\n","protected":false},"excerpt":{"rendered":"<p>Neste primeiro livro da BUSILIS, chancela de poesia para adultos &amp; n\u00e3o s\u00f3, Jo\u00e3o Manuel Ribeiro apresenta trinta haikus \/haikai (em portugu\u00eas e ingl\u00eas), a modo de tumultuoso rumor, inquieto sussurro e o mais que o leitor queira conjecturar. ISBN: 9789898582300 &#8211; Ano: 2015 &#8211; Dimens\u00f5es: 138 x 138 x 4 mm &#8211; Encaderna\u00e7\u00e3o: Capa [&hellip;]<\/p>\n","protected":false},"featured_media":279,"template":"","meta":{"advanced_seo_description":"","jetpack_seo_html_title":"","jetpack_seo_noindex":false},"product_brand":[],"product_cat":[21],"product_tag":[],"class_list":{"0":"post-266","1":"product","2":"type-product","3":"status-publish","4":"has-post-thumbnail","6":"product_cat-cerne","8":"first","9":"instock","10":"shipping-taxable","11":"purchasable","12":"product-type-simple"},"jetpack_sharing_enabled":true,"_links":{"self":[{"href":"https:\/\/busilis.click\/index.php?rest_route=\/wp\/v2\/product\/266","targetHints":{"allow":["GET"]}}],"collection":[{"href":"https:\/\/busilis.click\/index.php?rest_route=\/wp\/v2\/product"}],"about":[{"href":"https:\/\/busilis.click\/index.php?rest_route=\/wp\/v2\/types\/product"}],"wp:featuredmedia":[{"embeddable":true,"href":"https:\/\/busilis.click\/index.php?rest_route=\/wp\/v2\/media\/279"}],"wp:attachment":[{"href":"https:\/\/busilis.click\/index.php?rest_route=%2Fwp%2Fv2%2Fmedia&parent=266"}],"wp:term":[{"taxonomy":"product_brand","embeddable":true,"href":"https:\/\/busilis.click\/index.php?rest_route=%2Fwp%2Fv2%2Fproduct_brand&post=266"},{"taxonomy":"product_cat","embeddable":true,"href":"https:\/\/busilis.click\/index.php?rest_route=%2Fwp%2Fv2%2Fproduct_cat&post=266"},{"taxonomy":"product_tag","embeddable":true,"href":"https:\/\/busilis.click\/index.php?rest_route=%2Fwp%2Fv2%2Fproduct_tag&post=266"}],"curies":[{"name":"wp","href":"https:\/\/api.w.org\/{rel}","templated":true}]}}