{"id":267,"date":"2026-03-12T10:19:28","date_gmt":"2026-03-12T10:19:28","guid":{"rendered":"https:\/\/busilis.click\/?post_type=product&#038;p=267"},"modified":"2026-03-13T11:35:01","modified_gmt":"2026-03-13T11:35:01","slug":"electrografias","status":"publish","type":"product","link":"https:\/\/busilis.click\/?product=electrografias","title":{"rendered":"Electrografias"},"content":{"rendered":"<p>Obra constru\u00edda atrav\u00e9s de uma explora\u00e7\u00e3o criativa da fotocopiadora, Electrografias apresenta trabalhos contaminados por efeitos de arrastamento, desgaste e distor\u00e7\u00e3o. Ao atingirem a imagem e a palavra, estas ac\u00e7\u00f5es est\u00e9tico-performativas contribuem para a emerg\u00eancia de uma po\u00e9tica do excesso em que a iconoclastia da imagem e o nonsense da palavra se cruzam numa conjuga\u00e7\u00e3o que tem tanto de humor\u00edstico quanto de violento.<\/p>\n<p>Electrografias re\u00fane num s\u00f3 volume tr\u00eas obras originalmente publicadas em 1990, agora expandidas com um conjunto de in\u00e9ditos.<\/p>\n<p>ISBN: 9789898582652 &#8211; Ano: 2018 &#8211; Dimens\u00f5es: 147 x 211 x 14 mm &#8211; Encaderna\u00e7\u00e3o: Capa mole &#8211; P\u00e1ginas: 218<\/p>\n","protected":false},"excerpt":{"rendered":"<p>Obra constru\u00edda atrav\u00e9s de uma explora\u00e7\u00e3o criativa da fotocopiadora, Electrografias apresenta trabalhos contaminados por efeitos de arrastamento, desgaste e distor\u00e7\u00e3o. Ao atingirem a imagem e a palavra, estas ac\u00e7\u00f5es est\u00e9tico-performativas contribuem para a emerg\u00eancia de uma po\u00e9tica do excesso em que a iconoclastia da imagem e o nonsense da palavra se cruzam numa conjuga\u00e7\u00e3o que [&hellip;]<\/p>\n","protected":false},"featured_media":286,"template":"","meta":{"advanced_seo_description":"","jetpack_seo_html_title":"","jetpack_seo_noindex":false},"product_brand":[],"product_cat":[19],"product_tag":[],"class_list":{"0":"post-267","1":"product","2":"type-product","3":"status-publish","4":"has-post-thumbnail","6":"product_cat-poesia","8":"first","9":"instock","10":"shipping-taxable","11":"purchasable","12":"product-type-simple"},"jetpack_sharing_enabled":true,"_links":{"self":[{"href":"https:\/\/busilis.click\/index.php?rest_route=\/wp\/v2\/product\/267","targetHints":{"allow":["GET"]}}],"collection":[{"href":"https:\/\/busilis.click\/index.php?rest_route=\/wp\/v2\/product"}],"about":[{"href":"https:\/\/busilis.click\/index.php?rest_route=\/wp\/v2\/types\/product"}],"wp:featuredmedia":[{"embeddable":true,"href":"https:\/\/busilis.click\/index.php?rest_route=\/wp\/v2\/media\/286"}],"wp:attachment":[{"href":"https:\/\/busilis.click\/index.php?rest_route=%2Fwp%2Fv2%2Fmedia&parent=267"}],"wp:term":[{"taxonomy":"product_brand","embeddable":true,"href":"https:\/\/busilis.click\/index.php?rest_route=%2Fwp%2Fv2%2Fproduct_brand&post=267"},{"taxonomy":"product_cat","embeddable":true,"href":"https:\/\/busilis.click\/index.php?rest_route=%2Fwp%2Fv2%2Fproduct_cat&post=267"},{"taxonomy":"product_tag","embeddable":true,"href":"https:\/\/busilis.click\/index.php?rest_route=%2Fwp%2Fv2%2Fproduct_tag&post=267"}],"curies":[{"name":"wp","href":"https:\/\/api.w.org\/{rel}","templated":true}]}}