{"id":270,"date":"2026-03-12T10:15:33","date_gmt":"2026-03-12T10:15:33","guid":{"rendered":"https:\/\/busilis.click\/?post_type=product&#038;p=270"},"modified":"2026-03-13T11:36:52","modified_gmt":"2026-03-13T11:36:52","slug":"um-pequeno-livro-azul","status":"publish","type":"product","link":"https:\/\/busilis.click\/?product=um-pequeno-livro-azul","title":{"rendered":"Um Pequeno Livro azul"},"content":{"rendered":"<p>Antologia po\u00e9tica de J. R. Solonche.<\/p>\n<p>Com sele\u00e7\u00e3o e tradu\u00e7\u00e3o de Francisco Jos\u00e9 Craveiro de Carvalho.<\/p>\n<p>ISBN: 9789898582904 &#8211; Ano: 2020 &#8211; Dimens\u00f5es: 149 x 208 x 5 mm &#8211; Encaderna\u00e7\u00e3o: Capa mole &#8211; P\u00e1ginas: 64<\/p>\n","protected":false},"excerpt":{"rendered":"<p>Antologia po\u00e9tica de J. R. Solonche. Com sele\u00e7\u00e3o e tradu\u00e7\u00e3o de Francisco Jos\u00e9 Craveiro de Carvalho. ISBN: 9789898582904 &#8211; Ano: 2020 &#8211; Dimens\u00f5es: 149 x 208 x 5 mm &#8211; Encaderna\u00e7\u00e3o: Capa mole &#8211; P\u00e1ginas: 64<\/p>\n","protected":false},"featured_media":121,"template":"","meta":{"advanced_seo_description":"","jetpack_seo_html_title":"","jetpack_seo_noindex":false},"product_brand":[],"product_cat":[19],"product_tag":[],"class_list":{"0":"post-270","1":"product","2":"type-product","3":"status-publish","4":"has-post-thumbnail","6":"product_cat-poesia","8":"first","9":"instock","10":"shipping-taxable","11":"purchasable","12":"product-type-simple"},"jetpack_sharing_enabled":true,"_links":{"self":[{"href":"https:\/\/busilis.click\/index.php?rest_route=\/wp\/v2\/product\/270","targetHints":{"allow":["GET"]}}],"collection":[{"href":"https:\/\/busilis.click\/index.php?rest_route=\/wp\/v2\/product"}],"about":[{"href":"https:\/\/busilis.click\/index.php?rest_route=\/wp\/v2\/types\/product"}],"wp:featuredmedia":[{"embeddable":true,"href":"https:\/\/busilis.click\/index.php?rest_route=\/wp\/v2\/media\/121"}],"wp:attachment":[{"href":"https:\/\/busilis.click\/index.php?rest_route=%2Fwp%2Fv2%2Fmedia&parent=270"}],"wp:term":[{"taxonomy":"product_brand","embeddable":true,"href":"https:\/\/busilis.click\/index.php?rest_route=%2Fwp%2Fv2%2Fproduct_brand&post=270"},{"taxonomy":"product_cat","embeddable":true,"href":"https:\/\/busilis.click\/index.php?rest_route=%2Fwp%2Fv2%2Fproduct_cat&post=270"},{"taxonomy":"product_tag","embeddable":true,"href":"https:\/\/busilis.click\/index.php?rest_route=%2Fwp%2Fv2%2Fproduct_tag&post=270"}],"curies":[{"name":"wp","href":"https:\/\/api.w.org\/{rel}","templated":true}]}}