{"id":271,"date":"2026-03-12T10:13:54","date_gmt":"2026-03-12T10:13:54","guid":{"rendered":"https:\/\/busilis.click\/?post_type=product&#038;p=271"},"modified":"2026-03-13T11:37:22","modified_gmt":"2026-03-13T11:37:22","slug":"gelo","status":"publish","type":"product","link":"https:\/\/busilis.click\/?product=gelo","title":{"rendered":"Gelo"},"content":{"rendered":"<p>Gelo \u00e9 um livro de poesia sobre as queimaduras da vida por oposi\u00e7\u00e3o ao gelo da solid\u00e3o. E se &#8220;o meu dia \u00e9 preenchido com d\u00favidas&#8221;, nas palavras da autora, as respostas surgem atrav\u00e9s de uma escrita em que &#8220;a inten\u00e7\u00e3o po\u00e9tica \u00e9 uma caixa de m\u00e3os sagradas&#8221;.<\/p>\n<p>Ao longo de um poema cont\u00ednuo, o trabalho sobre a linguagem racionaliza as emo\u00e7\u00f5es e evidencia o tempo, a exist\u00eancia, os lugares do corpo e do esp\u00edrito, o caos, a vida e a morte. Num di\u00e1logo sonhado com o outro, o \u00faltimo poema termina com uma quest\u00e3o profundamente humana em que o sonho tem nome de esperan\u00e7a.<\/p>\n<p>ISBN: 9789898582942 &#8211; Ano: 2021 &#8211; Dimens\u00f5es: 147 x 209 x 4 mm &#8211; Encaderna\u00e7\u00e3o: Capa mole &#8211; P\u00e1ginas: 72<\/p>\n","protected":false},"excerpt":{"rendered":"<p>Gelo \u00e9 um livro de poesia sobre as queimaduras da vida por oposi\u00e7\u00e3o ao gelo da solid\u00e3o. E se &#8220;o meu dia \u00e9 preenchido com d\u00favidas&#8221;, nas palavras da autora, as respostas surgem atrav\u00e9s de uma escrita em que &#8220;a inten\u00e7\u00e3o po\u00e9tica \u00e9 uma caixa de m\u00e3os sagradas&#8221;. Ao longo de um poema cont\u00ednuo, o [&hellip;]<\/p>\n","protected":false},"featured_media":114,"template":"","meta":{"advanced_seo_description":"","jetpack_seo_html_title":"","jetpack_seo_noindex":false},"product_brand":[],"product_cat":[19],"product_tag":[],"class_list":{"0":"post-271","1":"product","2":"type-product","3":"status-publish","4":"has-post-thumbnail","6":"product_cat-poesia","8":"first","9":"instock","10":"shipping-taxable","11":"purchasable","12":"product-type-simple"},"jetpack_sharing_enabled":true,"_links":{"self":[{"href":"https:\/\/busilis.click\/index.php?rest_route=\/wp\/v2\/product\/271","targetHints":{"allow":["GET"]}}],"collection":[{"href":"https:\/\/busilis.click\/index.php?rest_route=\/wp\/v2\/product"}],"about":[{"href":"https:\/\/busilis.click\/index.php?rest_route=\/wp\/v2\/types\/product"}],"wp:featuredmedia":[{"embeddable":true,"href":"https:\/\/busilis.click\/index.php?rest_route=\/wp\/v2\/media\/114"}],"wp:attachment":[{"href":"https:\/\/busilis.click\/index.php?rest_route=%2Fwp%2Fv2%2Fmedia&parent=271"}],"wp:term":[{"taxonomy":"product_brand","embeddable":true,"href":"https:\/\/busilis.click\/index.php?rest_route=%2Fwp%2Fv2%2Fproduct_brand&post=271"},{"taxonomy":"product_cat","embeddable":true,"href":"https:\/\/busilis.click\/index.php?rest_route=%2Fwp%2Fv2%2Fproduct_cat&post=271"},{"taxonomy":"product_tag","embeddable":true,"href":"https:\/\/busilis.click\/index.php?rest_route=%2Fwp%2Fv2%2Fproduct_tag&post=271"}],"curies":[{"name":"wp","href":"https:\/\/api.w.org\/{rel}","templated":true}]}}