{"id":272,"date":"2026-03-12T10:12:31","date_gmt":"2026-03-12T10:12:31","guid":{"rendered":"https:\/\/busilis.click\/?post_type=product&#038;p=272"},"modified":"2026-03-13T11:37:46","modified_gmt":"2026-03-13T11:37:46","slug":"oratoria","status":"publish","type":"product","link":"https:\/\/busilis.click\/?product=oratoria","title":{"rendered":"Orat\u00f3ria"},"content":{"rendered":"<p>Com este conjunto de poemas, Ivo Machado, desvenda ao leitor o caderno da sua mais recente vig\u00edlia numa orat\u00f3ria onde todos os grandes temas da poesia est\u00e3o presentes.<br \/>\nFiel \u00e0 sua mem\u00f3ria, o poeta convida a uma viagem pelas cousas ut\u00f3picas como se cada um destes quarenta e quatro poemas fosse um ano da sua vida.<\/p>\n<p>ISBN: 9789898582713 &#8211; Ano: 2019 &#8211; Dimens\u00f5es: 147 x 209 x 3 mm &#8211; Encaderna\u00e7\u00e3o: Capa mole &#8211; P\u00e1ginas: 80<\/p>\n","protected":false},"excerpt":{"rendered":"<p>Com este conjunto de poemas, Ivo Machado, desvenda ao leitor o caderno da sua mais recente vig\u00edlia numa orat\u00f3ria onde todos os grandes temas da poesia est\u00e3o presentes. Fiel \u00e0 sua mem\u00f3ria, o poeta convida a uma viagem pelas cousas ut\u00f3picas como se cada um destes quarenta e quatro poemas fosse um ano da sua [&hellip;]<\/p>\n","protected":false},"featured_media":124,"template":"","meta":{"advanced_seo_description":"","jetpack_seo_html_title":"","jetpack_seo_noindex":false},"product_brand":[],"product_cat":[19],"product_tag":[],"class_list":{"0":"post-272","1":"product","2":"type-product","3":"status-publish","4":"has-post-thumbnail","6":"product_cat-poesia","8":"first","9":"instock","10":"shipping-taxable","11":"purchasable","12":"product-type-simple"},"jetpack_sharing_enabled":true,"_links":{"self":[{"href":"https:\/\/busilis.click\/index.php?rest_route=\/wp\/v2\/product\/272","targetHints":{"allow":["GET"]}}],"collection":[{"href":"https:\/\/busilis.click\/index.php?rest_route=\/wp\/v2\/product"}],"about":[{"href":"https:\/\/busilis.click\/index.php?rest_route=\/wp\/v2\/types\/product"}],"wp:featuredmedia":[{"embeddable":true,"href":"https:\/\/busilis.click\/index.php?rest_route=\/wp\/v2\/media\/124"}],"wp:attachment":[{"href":"https:\/\/busilis.click\/index.php?rest_route=%2Fwp%2Fv2%2Fmedia&parent=272"}],"wp:term":[{"taxonomy":"product_brand","embeddable":true,"href":"https:\/\/busilis.click\/index.php?rest_route=%2Fwp%2Fv2%2Fproduct_brand&post=272"},{"taxonomy":"product_cat","embeddable":true,"href":"https:\/\/busilis.click\/index.php?rest_route=%2Fwp%2Fv2%2Fproduct_cat&post=272"},{"taxonomy":"product_tag","embeddable":true,"href":"https:\/\/busilis.click\/index.php?rest_route=%2Fwp%2Fv2%2Fproduct_tag&post=272"}],"curies":[{"name":"wp","href":"https:\/\/api.w.org\/{rel}","templated":true}]}}