{"id":273,"date":"2026-03-12T10:11:42","date_gmt":"2026-03-12T10:11:42","guid":{"rendered":"https:\/\/busilis.click\/?post_type=product&#038;p=273"},"modified":"2026-03-13T11:51:42","modified_gmt":"2026-03-13T11:51:42","slug":"o-mundo-o-amor-e-os-frutos","status":"publish","type":"product","link":"https:\/\/busilis.click\/?product=o-mundo-o-amor-e-os-frutos","title":{"rendered":"O Mundo, o Amor e os Frutos"},"content":{"rendered":"<p>Se aceitarmos a premissa, com base na est\u00e9tica da recep\u00e7\u00e3o, de que o leitor \u00e9 tamb\u00e9m coautor, chegou a hora de socializarmos a constru\u00e7\u00e3o de sentidos &#8211; que nunca s\u00e3o dados, oferecidos &#8211; nos poemas de Jos\u00e9 Dias Egipto. Sim, caros amigos, os sentidos s\u00e3o sempre constru\u00eddos em um processo interacional. O autor \u00e9 um m\u00e9dico-escritor entre outros que se destacaram nas literaturas portuguesa e brasileira: Miguel Torga, Ant\u00f4nio Lobo Antunes, Guimar\u00e3es Rosa e Pedro Nava s\u00e3o ilustres representantes dessa estirpe. Se aceitarmos outra premissa, a import\u00e2ncia tanto do texto quanto do autor no processo de leitura, cabe ressaltar que o Jos\u00e9 Dias Egipto, al\u00e9m de m\u00e9dico, \u00e9 filho de uma brasileira do Par\u00e1 e de um m\u00e9dico portugu\u00eas. Se somos produto de nossas hist\u00f3rias pessoais e familiares, de nossas viv\u00eancias culturais, de nosso percurso sociopol\u00edtico, nossos textos refletem a trajet\u00f3ria que tivemos na vida. Nos textos aqui publicados, percebemos que o autor dividiu-os em tr\u00eas temas: o mundo, o amor e os frutos. S\u00e3o trinta e quatro textos assim distribu\u00eddos: quatorze, no 1\u00ba tema; nove, no 2\u00ba; onze, no 3\u00ba. \u00c9 um livro de poesia. a prosa s\u00f3 aparece no tema mundo, no texto Manifesto Anti-Ego, cuja natureza \u00e9 pr\u00f3pria do campo argumentativo. A contund\u00eancia do manifesto contr\u00e1rio aos que se pautam pelo narcisismo materializa-se na cr\u00edtica a profissionais vaidosos e ego\u00edstas. O autor come\u00e7a pelos seus pares, m\u00e9dicos e escritores, mas n\u00e3o poupa cientistas, fil\u00f3sofos, pol\u00edticos e sacerdotes. Por todos, demonstra seu menosprezo e enaltece a cultura, a tradi\u00e7\u00e3o e o amor.\u00bb In Pref\u00e1cio, de Andr\u00e9 C.Valente]<\/p>\n<p>ISBN: 9789898582812 &#8211; Ano: 2019 &#8211; Dimens\u00f5es: 147 x 209 x 6 mm &#8211; Encaderna\u00e7\u00e3o: Capa mole &#8211; P\u00e1ginas: 96<\/p>\n","protected":false},"excerpt":{"rendered":"<p>Se aceitarmos a premissa, com base na est\u00e9tica da recep\u00e7\u00e3o, de que o leitor \u00e9 tamb\u00e9m coautor, chegou a hora de socializarmos a constru\u00e7\u00e3o de sentidos &#8211; que nunca s\u00e3o dados, oferecidos &#8211; nos poemas de Jos\u00e9 Dias Egipto. Sim, caros amigos, os sentidos s\u00e3o sempre constru\u00eddos em um processo interacional. O autor \u00e9 um [&hellip;]<\/p>\n","protected":false},"featured_media":119,"template":"","meta":{"advanced_seo_description":"","jetpack_seo_html_title":"","jetpack_seo_noindex":false},"product_brand":[],"product_cat":[19],"product_tag":[],"class_list":{"0":"post-273","1":"product","2":"type-product","3":"status-publish","4":"has-post-thumbnail","6":"product_cat-poesia","8":"first","9":"instock","10":"shipping-taxable","11":"purchasable","12":"product-type-simple"},"jetpack_sharing_enabled":true,"_links":{"self":[{"href":"https:\/\/busilis.click\/index.php?rest_route=\/wp\/v2\/product\/273","targetHints":{"allow":["GET"]}}],"collection":[{"href":"https:\/\/busilis.click\/index.php?rest_route=\/wp\/v2\/product"}],"about":[{"href":"https:\/\/busilis.click\/index.php?rest_route=\/wp\/v2\/types\/product"}],"wp:featuredmedia":[{"embeddable":true,"href":"https:\/\/busilis.click\/index.php?rest_route=\/wp\/v2\/media\/119"}],"wp:attachment":[{"href":"https:\/\/busilis.click\/index.php?rest_route=%2Fwp%2Fv2%2Fmedia&parent=273"}],"wp:term":[{"taxonomy":"product_brand","embeddable":true,"href":"https:\/\/busilis.click\/index.php?rest_route=%2Fwp%2Fv2%2Fproduct_brand&post=273"},{"taxonomy":"product_cat","embeddable":true,"href":"https:\/\/busilis.click\/index.php?rest_route=%2Fwp%2Fv2%2Fproduct_cat&post=273"},{"taxonomy":"product_tag","embeddable":true,"href":"https:\/\/busilis.click\/index.php?rest_route=%2Fwp%2Fv2%2Fproduct_tag&post=273"}],"curies":[{"name":"wp","href":"https:\/\/api.w.org\/{rel}","templated":true}]}}