{"id":295,"date":"2026-03-13T12:05:04","date_gmt":"2026-03-13T12:05:04","guid":{"rendered":"https:\/\/busilis.click\/?post_type=product&#038;p=295"},"modified":"2026-03-13T12:06:17","modified_gmt":"2026-03-13T12:06:17","slug":"apanha-o-meu-coracao","status":"publish","type":"product","link":"https:\/\/busilis.click\/?product=apanha-o-meu-coracao","title":{"rendered":"Apanha o meu cora\u00e7\u00e3o"},"content":{"rendered":"<p>\u201cApanhem-no! \u00c9 para voc\u00eas!\u201d<\/p>\n<p>77 poemas, 77 momentos que d\u00e3o voz a um Cora\u00e7\u00e3o que pulsa intensamente<br \/>\ncom Vida, For\u00e7a e Prop\u00f3sito.<\/p>\n<p>Um cora\u00e7\u00e3o feito de p\u00e1ginas cheias de Mem\u00f3rias, Sonhos, Projetos de Vida, Reflex\u00f5es, Palavras que ficaram por dizer, Experi\u00eancias Transformadoras&#8230; O reflexo da vida da autora atrav\u00e9s de rimas profundas, ilustra\u00e7\u00f5es poderosas e mensagens inspiradoras.<\/p>\n<p>Nesta obra, Silvana Soares convida-nos a refletir sobre o que nos move, a inspirar os Jovens a abra\u00e7arem a vida com coragem e paix\u00e3o, a abra\u00e7ar a Comunidade, a reencontrarmo-nos a e a apreciar os pequenos momentos que a vida nos proporciona&#8230;<\/p>\n<p>Um livro para sentir, deixar ressoar no nosso interior e carregarmos connosco uma centelha de emo\u00e7\u00e3o.<\/p>\n","protected":false},"excerpt":{"rendered":"<p>\u201cApanhem-no! \u00c9 para voc\u00eas!\u201d 77 poemas, 77 momentos que d\u00e3o voz a um Cora\u00e7\u00e3o que pulsa intensamente com Vida, For\u00e7a e Prop\u00f3sito. Um cora\u00e7\u00e3o feito de p\u00e1ginas cheias de Mem\u00f3rias, Sonhos, Projetos de Vida, Reflex\u00f5es, Palavras que ficaram por dizer, Experi\u00eancias Transformadoras&#8230; O reflexo da vida da autora atrav\u00e9s de rimas profundas, ilustra\u00e7\u00f5es poderosas e [&hellip;]<\/p>\n","protected":false},"featured_media":296,"template":"","meta":{"advanced_seo_description":"","jetpack_seo_html_title":"","jetpack_seo_noindex":false},"product_brand":[],"product_cat":[19],"product_tag":[29,27,28,30],"class_list":{"0":"post-295","1":"product","2":"type-product","3":"status-publish","4":"has-post-thumbnail","6":"product_cat-poesia","7":"product_tag-coracao","8":"product_tag-novidade","9":"product_tag-poesia-juvenil","10":"product_tag-silvana-soares","12":"first","13":"instock","14":"shipping-taxable","15":"purchasable","16":"product-type-simple"},"jetpack_sharing_enabled":true,"_links":{"self":[{"href":"https:\/\/busilis.click\/index.php?rest_route=\/wp\/v2\/product\/295","targetHints":{"allow":["GET"]}}],"collection":[{"href":"https:\/\/busilis.click\/index.php?rest_route=\/wp\/v2\/product"}],"about":[{"href":"https:\/\/busilis.click\/index.php?rest_route=\/wp\/v2\/types\/product"}],"wp:featuredmedia":[{"embeddable":true,"href":"https:\/\/busilis.click\/index.php?rest_route=\/wp\/v2\/media\/296"}],"wp:attachment":[{"href":"https:\/\/busilis.click\/index.php?rest_route=%2Fwp%2Fv2%2Fmedia&parent=295"}],"wp:term":[{"taxonomy":"product_brand","embeddable":true,"href":"https:\/\/busilis.click\/index.php?rest_route=%2Fwp%2Fv2%2Fproduct_brand&post=295"},{"taxonomy":"product_cat","embeddable":true,"href":"https:\/\/busilis.click\/index.php?rest_route=%2Fwp%2Fv2%2Fproduct_cat&post=295"},{"taxonomy":"product_tag","embeddable":true,"href":"https:\/\/busilis.click\/index.php?rest_route=%2Fwp%2Fv2%2Fproduct_tag&post=295"}],"curies":[{"name":"wp","href":"https:\/\/api.w.org\/{rel}","templated":true}]}}