{"id":300,"date":"2026-03-13T12:05:20","date_gmt":"2026-03-13T12:05:20","guid":{"rendered":"https:\/\/busilis.click\/?post_type=product&#038;p=300"},"modified":"2026-03-13T12:06:37","modified_gmt":"2026-03-13T12:06:37","slug":"a-graca-da-desgraca-anedotario","status":"publish","type":"product","link":"https:\/\/busilis.click\/?product=a-graca-da-desgraca-anedotario","title":{"rendered":"A Gra\u00e7a da Desgra\u00e7a &#8211; Anedot\u00e1rio"},"content":{"rendered":"<p><em>Sempre tive vontade de conhecer o significado das palavras. Comecei pela meia idade a entrela\u00e7\u00e1-las em trocadilhos, quadras, cr\u00f3nicas e poesias. Utilizando a parafern\u00e1lia do rico l\u00e9xico portugu\u00eas, divirto-me, aprendo, e se conseguir animar algu\u00e9m, sinto-me bem. Nos intervalos da escrevedura fui colecionando e carpinteirando hist\u00f3rias e anedotas, que vos dar\u00e3o anima\u00e7\u00e3o at\u00e9 \u00e0s quinhentas. <\/em><\/p>\n<p><em>Depois das hesita\u00e7\u00f5es para as publicar, achei que estava na hora de as por c\u00e1 fora, e vamos embora, que est\u00e1 na hora. E porque um livro tem mais valor, embalado nas m\u00e3os dum leitor, leiam-no por favor. O meu prop\u00f3sito maior \u00e9 divertir e animar, a quem a vida por vezes \u00e9 madrasta e faz chorar. No escarrapachar destas escreveduras, assumo em alta voz que abomino o \u201cdestrambelhado\u201d \u201cAcordo Ortogr\u00e1fico\u201d que, tal como os seus autores, n\u00e3o merece respeito nenhum. Mas, se o miser\u00e1vel veio para ficar, \u201chabituar-nos -emos\u201d. E viva a leitura, a dizer mal ou bem de alguma coisa ou de algu\u00e9m. <\/em><\/p>\n<p><em>Entrem, e sintam-se \u00e0 vontadinha. <\/em><\/p>\n<p><em>Jos\u00e9 Brand\u00e3o<\/em><\/p>\n","protected":false},"excerpt":{"rendered":"<p>Sempre tive vontade de conhecer o significado das palavras. Comecei pela meia idade a entrela\u00e7\u00e1-las em trocadilhos, quadras, cr\u00f3nicas e poesias. Utilizando a parafern\u00e1lia do rico l\u00e9xico portugu\u00eas, divirto-me, aprendo, e se conseguir animar algu\u00e9m, sinto-me bem. Nos intervalos da escrevedura fui colecionando e carpinteirando hist\u00f3rias e anedotas, que vos dar\u00e3o anima\u00e7\u00e3o at\u00e9 \u00e0s quinhentas. [&hellip;]<\/p>\n","protected":false},"featured_media":301,"template":"","meta":{"advanced_seo_description":"","jetpack_seo_html_title":"","jetpack_seo_noindex":false},"product_brand":[],"product_cat":[22],"product_tag":[31,32],"class_list":{"0":"post-300","1":"product","2":"type-product","3":"status-publish","4":"has-post-thumbnail","6":"product_cat-nao-ficcao","7":"product_tag-anedotas","8":"product_tag-humor","10":"first","11":"instock","12":"shipping-taxable","13":"purchasable","14":"product-type-simple"},"jetpack_sharing_enabled":true,"_links":{"self":[{"href":"https:\/\/busilis.click\/index.php?rest_route=\/wp\/v2\/product\/300","targetHints":{"allow":["GET"]}}],"collection":[{"href":"https:\/\/busilis.click\/index.php?rest_route=\/wp\/v2\/product"}],"about":[{"href":"https:\/\/busilis.click\/index.php?rest_route=\/wp\/v2\/types\/product"}],"wp:featuredmedia":[{"embeddable":true,"href":"https:\/\/busilis.click\/index.php?rest_route=\/wp\/v2\/media\/301"}],"wp:attachment":[{"href":"https:\/\/busilis.click\/index.php?rest_route=%2Fwp%2Fv2%2Fmedia&parent=300"}],"wp:term":[{"taxonomy":"product_brand","embeddable":true,"href":"https:\/\/busilis.click\/index.php?rest_route=%2Fwp%2Fv2%2Fproduct_brand&post=300"},{"taxonomy":"product_cat","embeddable":true,"href":"https:\/\/busilis.click\/index.php?rest_route=%2Fwp%2Fv2%2Fproduct_cat&post=300"},{"taxonomy":"product_tag","embeddable":true,"href":"https:\/\/busilis.click\/index.php?rest_route=%2Fwp%2Fv2%2Fproduct_tag&post=300"}],"curies":[{"name":"wp","href":"https:\/\/api.w.org\/{rel}","templated":true}]}}