{"id":325,"date":"2026-03-13T11:57:15","date_gmt":"2026-03-13T11:57:15","guid":{"rendered":"https:\/\/busilis.click\/?post_type=product&#038;p=325"},"modified":"2026-03-13T11:57:15","modified_gmt":"2026-03-13T11:57:15","slug":"coreografias-da-linguagem","status":"publish","type":"product","link":"https:\/\/busilis.click\/?product=coreografias-da-linguagem","title":{"rendered":"Coreografias da Linguagem"},"content":{"rendered":"<p>\u00abAgrada-me o poema cont\u00ednuo: a ideia de um poema levar o testemunho a outro poema e ocupar a sua posi\u00e7\u00e3o, sem falhar a liga\u00e7\u00e3o at\u00e9 \u00e0 \u00faltima p\u00e1gina\u00bb Fernando Esteves Pinto O autor escreve \u00abno sentido de que o poema esteja vinculado a um exame ou delibera\u00e7\u00e3o da linguagem que serve de base \u00e0 raz\u00e3o, isto \u00e9, o poema \u00e9 orientado no sentido racional e nunca emocional. No purismo po\u00e9tico n\u00e3o h\u00e1 linguagem de emocionar. Pelo contr\u00e1rio, h\u00e1 uma tentativa de valorizar a purifica\u00e7\u00e3o do poema. A poesia \u00e9 um arame inquebr\u00e1vel que o poeta molda incessantemente. Mas dito assim parece tudo muito t\u00e9cnico e estudado. No entanto, a estrutura do poema \u00e9 que resulta de um estudo, porque o poema em si (tudo o que possa transmitir ao leitor) \u00e9 da ordem do purismo. Da ordem da exist\u00eancia real.\u00bb Deste modo, Fernando Esteves Pinto pretende evidenciar o conceito de Purismo na sua poesia, retomando uma tend\u00eancia anteriormente atribu\u00edda \u00e0 pintura, atrav\u00e9s de um movimento fundado por Am\u00e9d\u00e9e Ozenfant, pintor e escritor, e Charles Edouard Jeanneret, em 1918. Este seu projecto enquadra-se numa obra cont\u00ednua, do qual j\u00e1 foram escritos 7 livros de poesia desde 2016, tendo sido j\u00e1 publicados Humanidade, Arte Humana e Coreografias da Linguagem.<\/p>\n<p>ISBN: 9789898582867 &#8211; Ano: 2020 &#8211; Dimens\u00f5es: 148 x 208 x 4 mm &#8211; Encaderna\u00e7\u00e3o: Capa mole &#8211; P\u00e1ginas: 64<\/p>\n","protected":false},"excerpt":{"rendered":"<p>\u00abAgrada-me o poema cont\u00ednuo: a ideia de um poema levar o testemunho a outro poema e ocupar a sua posi\u00e7\u00e3o, sem falhar a liga\u00e7\u00e3o at\u00e9 \u00e0 \u00faltima p\u00e1gina\u00bb Fernando Esteves Pinto O autor escreve \u00abno sentido de que o poema esteja vinculado a um exame ou delibera\u00e7\u00e3o da linguagem que serve de base \u00e0 raz\u00e3o, [&hellip;]<\/p>\n","protected":false},"featured_media":126,"template":"","meta":{"advanced_seo_description":"","jetpack_seo_html_title":"","jetpack_seo_noindex":false},"product_brand":[],"product_cat":[19],"product_tag":[],"class_list":{"0":"post-325","1":"product","2":"type-product","3":"status-publish","4":"has-post-thumbnail","6":"product_cat-poesia","8":"first","9":"instock","10":"shipping-taxable","11":"purchasable","12":"product-type-simple"},"jetpack_sharing_enabled":true,"_links":{"self":[{"href":"https:\/\/busilis.click\/index.php?rest_route=\/wp\/v2\/product\/325","targetHints":{"allow":["GET"]}}],"collection":[{"href":"https:\/\/busilis.click\/index.php?rest_route=\/wp\/v2\/product"}],"about":[{"href":"https:\/\/busilis.click\/index.php?rest_route=\/wp\/v2\/types\/product"}],"wp:featuredmedia":[{"embeddable":true,"href":"https:\/\/busilis.click\/index.php?rest_route=\/wp\/v2\/media\/126"}],"wp:attachment":[{"href":"https:\/\/busilis.click\/index.php?rest_route=%2Fwp%2Fv2%2Fmedia&parent=325"}],"wp:term":[{"taxonomy":"product_brand","embeddable":true,"href":"https:\/\/busilis.click\/index.php?rest_route=%2Fwp%2Fv2%2Fproduct_brand&post=325"},{"taxonomy":"product_cat","embeddable":true,"href":"https:\/\/busilis.click\/index.php?rest_route=%2Fwp%2Fv2%2Fproduct_cat&post=325"},{"taxonomy":"product_tag","embeddable":true,"href":"https:\/\/busilis.click\/index.php?rest_route=%2Fwp%2Fv2%2Fproduct_tag&post=325"}],"curies":[{"name":"wp","href":"https:\/\/api.w.org\/{rel}","templated":true}]}}