{"id":326,"date":"2026-03-13T12:01:59","date_gmt":"2026-03-13T12:01:59","guid":{"rendered":"https:\/\/busilis.click\/?post_type=product&#038;p=326"},"modified":"2026-03-13T12:01:59","modified_gmt":"2026-03-13T12:01:59","slug":"trajectoria-inconsutil-do-desejo","status":"publish","type":"product","link":"https:\/\/busilis.click\/?product=trajectoria-inconsutil-do-desejo","title":{"rendered":"Traject\u00f3ria incons\u00fatil do desejo"},"content":{"rendered":"<p>\u00abTenha, ou n\u00e3o, consci\u00eancia disso, dir-se-\u00e1 que \u00e9 na procura da desconstru\u00e7\u00e3o desta\u00a0<i>poiesis<\/i>\u00a0que Jo\u00e3o Manuel Ribeiro, na entrega intitulada\u00a0<i>Traject\u00f3ria Incons\u00fatil do Desejo<\/i>, decide conciliar um \u201cgozo est\u00e9tico\u201d do corpo com uma \u00e9tica configurada no quadro de um of\u00edcio que lhe confere excepcional relev\u00e2ncia como sujeito do sonho criador, efeito de resson\u00e2ncia de um movimento de idealiza\u00e7\u00e3o interiorizada, constitu\u00eddo a partir da aceita\u00e7\u00e3o em que fundamenta aquele paradigma do sentir que, \u00e0 maneira oriental, concorre para que o desejo se manifeste sem palavras, no momento em que, tomando a parte pelo todo, e como o pr\u00f3pria sublinha, assinala: \u201cO corropio das m\u00e3os na vertigem\/ da traject\u00f3ria incons\u00fatil do desejo.\u201d\u00bb (Verg\u00edlio Alberto Vieira, Pref\u00e1cio).<\/p>\n<p>&nbsp;<\/p>\n<div id=\"productPageSectionDetails-collapseDetalhes-content-isbn\" class=\"col-xs-12\">ISBN:\u00a0 <span style=\"font-size: 1rem;\">9789899625655 <\/span>Dimens\u00f5es:\u00a0 <span style=\"font-size: 1rem;\">122 x 199 x 6 mm <\/span>Encaderna\u00e7\u00e3o:\u00a0 <span style=\"font-size: 1rem;\">Capa mole <\/span>P\u00e1ginas:\u00a0 <span style=\"font-size: 1rem;\">60<\/span><\/div>\n","protected":false},"excerpt":{"rendered":"<p>\u00abTenha, ou n\u00e3o, consci\u00eancia disso, dir-se-\u00e1 que \u00e9 na procura da desconstru\u00e7\u00e3o desta\u00a0poiesis\u00a0que Jo\u00e3o Manuel Ribeiro, na entrega intitulada\u00a0Traject\u00f3ria Incons\u00fatil do Desejo, decide conciliar um \u201cgozo est\u00e9tico\u201d do corpo com uma \u00e9tica configurada no quadro de um of\u00edcio que lhe confere excepcional relev\u00e2ncia como sujeito do sonho criador, efeito de resson\u00e2ncia de um movimento de [&hellip;]<\/p>\n","protected":false},"featured_media":327,"template":"","meta":{"advanced_seo_description":"","jetpack_seo_html_title":"","jetpack_seo_noindex":false},"product_brand":[],"product_cat":[15],"product_tag":[],"class_list":{"0":"post-326","1":"product","2":"type-product","3":"status-publish","4":"has-post-thumbnail","6":"product_cat-uncategorized","8":"first","9":"instock","10":"shipping-taxable","11":"purchasable","12":"product-type-simple"},"jetpack_sharing_enabled":true,"_links":{"self":[{"href":"https:\/\/busilis.click\/index.php?rest_route=\/wp\/v2\/product\/326","targetHints":{"allow":["GET"]}}],"collection":[{"href":"https:\/\/busilis.click\/index.php?rest_route=\/wp\/v2\/product"}],"about":[{"href":"https:\/\/busilis.click\/index.php?rest_route=\/wp\/v2\/types\/product"}],"wp:featuredmedia":[{"embeddable":true,"href":"https:\/\/busilis.click\/index.php?rest_route=\/wp\/v2\/media\/327"}],"wp:attachment":[{"href":"https:\/\/busilis.click\/index.php?rest_route=%2Fwp%2Fv2%2Fmedia&parent=326"}],"wp:term":[{"taxonomy":"product_brand","embeddable":true,"href":"https:\/\/busilis.click\/index.php?rest_route=%2Fwp%2Fv2%2Fproduct_brand&post=326"},{"taxonomy":"product_cat","embeddable":true,"href":"https:\/\/busilis.click\/index.php?rest_route=%2Fwp%2Fv2%2Fproduct_cat&post=326"},{"taxonomy":"product_tag","embeddable":true,"href":"https:\/\/busilis.click\/index.php?rest_route=%2Fwp%2Fv2%2Fproduct_tag&post=326"}],"curies":[{"name":"wp","href":"https:\/\/api.w.org\/{rel}","templated":true}]}}