{"id":328,"date":"2026-03-13T12:03:41","date_gmt":"2026-03-13T12:03:41","guid":{"rendered":"https:\/\/busilis.click\/?post_type=product&#038;p=328"},"modified":"2026-03-13T12:07:12","modified_gmt":"2026-03-13T12:07:12","slug":"passei-como-um-sussurro-para-que-escutasses-o-vento","status":"publish","type":"product","link":"https:\/\/busilis.click\/?product=passei-como-um-sussurro-para-que-escutasses-o-vento","title":{"rendered":"Passei como um Sussurro para que Escutasses o Vento"},"content":{"rendered":"<p>A poesia de S\u00edlvia Mota Lopes \u00e9 um sono sussurro que chega ao cora\u00e7\u00e3o do leitor como o vento. Deixa-se respirar, n\u00e3o atrapalha os sonhos, embora seja desafiadora e de sem\u00e2nticas fortes e assim\u00e9tricas!<\/p>\n<p>ISBN: 9789898582805 &#8211; Ano: 2019 &#8211; Dimens\u00f5es: 146 x 208 x 5 mm &#8211; Encaderna\u00e7\u00e3o: Capa mole &#8211; P\u00e1ginas: 64<\/p>\n","protected":false},"excerpt":{"rendered":"<p>A poesia de S\u00edlvia Mota Lopes \u00e9 um sono sussurro que chega ao cora\u00e7\u00e3o do leitor como o vento. Deixa-se respirar, n\u00e3o atrapalha os sonhos, embora seja desafiadora e de sem\u00e2nticas fortes e assim\u00e9tricas! ISBN: 9789898582805 &#8211; Ano: 2019 &#8211; Dimens\u00f5es: 146 x 208 x 5 mm &#8211; Encaderna\u00e7\u00e3o: Capa mole &#8211; P\u00e1ginas: 64<\/p>\n","protected":false},"featured_media":122,"template":"","meta":{"advanced_seo_description":"","jetpack_seo_html_title":"","jetpack_seo_noindex":false},"product_brand":[],"product_cat":[19],"product_tag":[],"class_list":{"0":"post-328","1":"product","2":"type-product","3":"status-publish","4":"has-post-thumbnail","6":"product_cat-poesia","8":"first","9":"outofstock","10":"shipping-taxable","11":"purchasable","12":"product-type-simple"},"jetpack_sharing_enabled":true,"_links":{"self":[{"href":"https:\/\/busilis.click\/index.php?rest_route=\/wp\/v2\/product\/328","targetHints":{"allow":["GET"]}}],"collection":[{"href":"https:\/\/busilis.click\/index.php?rest_route=\/wp\/v2\/product"}],"about":[{"href":"https:\/\/busilis.click\/index.php?rest_route=\/wp\/v2\/types\/product"}],"wp:featuredmedia":[{"embeddable":true,"href":"https:\/\/busilis.click\/index.php?rest_route=\/wp\/v2\/media\/122"}],"wp:attachment":[{"href":"https:\/\/busilis.click\/index.php?rest_route=%2Fwp%2Fv2%2Fmedia&parent=328"}],"wp:term":[{"taxonomy":"product_brand","embeddable":true,"href":"https:\/\/busilis.click\/index.php?rest_route=%2Fwp%2Fv2%2Fproduct_brand&post=328"},{"taxonomy":"product_cat","embeddable":true,"href":"https:\/\/busilis.click\/index.php?rest_route=%2Fwp%2Fv2%2Fproduct_cat&post=328"},{"taxonomy":"product_tag","embeddable":true,"href":"https:\/\/busilis.click\/index.php?rest_route=%2Fwp%2Fv2%2Fproduct_tag&post=328"}],"curies":[{"name":"wp","href":"https:\/\/api.w.org\/{rel}","templated":true}]}}