{"id":91,"date":"2026-02-18T14:34:59","date_gmt":"2026-02-18T14:34:59","guid":{"rendered":"https:\/\/busilis.click\/?post_type=product&#038;p=91"},"modified":"2026-03-13T11:42:32","modified_gmt":"2026-03-13T11:42:32","slug":"a-eterna-brevidade","status":"publish","type":"product","link":"https:\/\/busilis.click\/?product=a-eterna-brevidade","title":{"rendered":"A eterna brevidade"},"content":{"rendered":"<p data-start=\"0\" data-end=\"156\"><strong data-start=\"0\" data-end=\"22\">A Eterna Brevidade<\/strong> \u00e9 o livro de estreia de Jo\u00e3o Boavida no territ\u00f3rio do conto \u2014 e chega como quem abre uma janela sobre o lado invis\u00edvel do quotidiano.<\/p>\n<p data-start=\"158\" data-end=\"516\">Nestes contos, o realismo n\u00e3o \u00e9 apenas um espelho do mundo: \u00e9 uma lente que amplia o detalhe m\u00ednimo, o gesto aparentemente banal, a estranheza que habita o que julgamos conhecer. Entre o simples e o bizarro, entre a rotina e o inesperado, as narrativas convocam o leitor para um territ\u00f3rio onde tudo \u00e9 reconhec\u00edvel \u2014 e, ao mesmo tempo, inquietantemente novo.<\/p>\n<p data-start=\"518\" data-end=\"782\">Com uma escrita depurada e intensa, <strong data-start=\"554\" data-end=\"576\">A Eterna Brevidade<\/strong> constr\u00f3i atmosferas de forte resson\u00e2ncia emocional, tocando aquilo que nos \u00e9 mais \u00edntimo: as pequenas obsess\u00f5es, os sil\u00eancios, os desencontros, as fragilidades e os espantos que comp\u00f5em a mat\u00e9ria dos dias.<\/p>\n<p data-start=\"784\" data-end=\"881\" data-is-last-node=\"\" data-is-only-node=\"\">Um livro breve na forma, mas vasto nas reverbera\u00e7\u00f5es \u2014 porque h\u00e1 instantes que duram para sempre.<\/p>\n","protected":false},"excerpt":{"rendered":"<p>A Eterna Brevidade \u00e9 o livro de estreia de Jo\u00e3o Boavida no territ\u00f3rio do conto \u2014 e chega como quem abre uma janela sobre o lado invis\u00edvel do quotidiano. Nestes contos, o realismo n\u00e3o \u00e9 apenas um espelho do mundo: \u00e9 uma lente que amplia o detalhe m\u00ednimo, o gesto aparentemente banal, a estranheza que [&hellip;]<\/p>\n","protected":false},"featured_media":89,"template":"","meta":{"advanced_seo_description":"","jetpack_seo_html_title":"","jetpack_seo_noindex":false},"product_brand":[],"product_cat":[20],"product_tag":[23],"class_list":{"0":"post-91","1":"product","2":"type-product","3":"status-publish","4":"has-post-thumbnail","6":"product_cat-contos","7":"product_tag-contos","9":"first","10":"instock","11":"sale","12":"shipping-taxable","13":"purchasable","14":"product-type-simple"},"jetpack_sharing_enabled":true,"_links":{"self":[{"href":"https:\/\/busilis.click\/index.php?rest_route=\/wp\/v2\/product\/91","targetHints":{"allow":["GET"]}}],"collection":[{"href":"https:\/\/busilis.click\/index.php?rest_route=\/wp\/v2\/product"}],"about":[{"href":"https:\/\/busilis.click\/index.php?rest_route=\/wp\/v2\/types\/product"}],"wp:featuredmedia":[{"embeddable":true,"href":"https:\/\/busilis.click\/index.php?rest_route=\/wp\/v2\/media\/89"}],"wp:attachment":[{"href":"https:\/\/busilis.click\/index.php?rest_route=%2Fwp%2Fv2%2Fmedia&parent=91"}],"wp:term":[{"taxonomy":"product_brand","embeddable":true,"href":"https:\/\/busilis.click\/index.php?rest_route=%2Fwp%2Fv2%2Fproduct_brand&post=91"},{"taxonomy":"product_cat","embeddable":true,"href":"https:\/\/busilis.click\/index.php?rest_route=%2Fwp%2Fv2%2Fproduct_cat&post=91"},{"taxonomy":"product_tag","embeddable":true,"href":"https:\/\/busilis.click\/index.php?rest_route=%2Fwp%2Fv2%2Fproduct_tag&post=91"}],"curies":[{"name":"wp","href":"https:\/\/api.w.org\/{rel}","templated":true}]}}