{"id":93,"date":"2026-02-18T14:36:24","date_gmt":"2026-02-18T14:36:24","guid":{"rendered":"https:\/\/busilis.click\/?post_type=product&#038;p=93"},"modified":"2026-03-13T11:47:18","modified_gmt":"2026-03-13T11:47:18","slug":"um-pe-de-contos","status":"publish","type":"product","link":"https:\/\/busilis.click\/?product=um-pe-de-contos","title":{"rendered":"Um p\u00e9 de Contos"},"content":{"rendered":"<p>Esta Antologia de Contos resulta de uma Oficina de Escrita Criativa, que se realizou no Espa\u00e7o Emergente, em Marco de Canaveses, durante os primeiros 6 meses de 2023.A dinamiza\u00e7\u00e3o da Oficina esteve a cargo do poeta e escritor Jo\u00e3o Manuel Ribeiro. Terminados os trabalhos entendeu-se que valia a pena dar letra de imprensa a alguns dos textos produzidos durante a oficina. \u00c9 o que se apresenta neste livro. Os contos agora publicados s\u00e3o de tema livre e evidenciam a aprendizagem e a experi\u00eancia colhida do trabalho de escrita.<\/p>\n<p>Refletem as mundivid\u00eancias dos seus autores e, sobretudo, mostram uma grande paix\u00e3o por contar hist\u00f3rias(tamb\u00e9m versificadas). Quase todos desafiam o leitor a apaixonar-se por lugares interiores que merecem visita e visibilidade. Oxal\u00e1 o leitor encontre neste livro o prazer que os autores tiveram ao escrever estas hist\u00f3rias. Que para o leitor estes contos sejam.. Um p\u00e9 de Contos!<\/p>\n<p>ISBN: 978-989-36050-0-4; Encaderna\u00e7\u00e3o: Capa mole; Editora: Bus\u00edlis; V\u00e1rios autores.<\/p>\n","protected":false},"excerpt":{"rendered":"<p>Esta Antologia de Contos resulta de uma Oficina de Escrita Criativa, que se realizou no Espa\u00e7o Emergente, em Marco de Canaveses, durante os primeiros 6 meses de 2023.A dinamiza\u00e7\u00e3o da Oficina esteve a cargo do poeta e escritor Jo\u00e3o Manuel Ribeiro. Terminados os trabalhos entendeu-se que valia a pena dar letra de imprensa a alguns [&hellip;]<\/p>\n","protected":false},"featured_media":88,"template":"","meta":{"advanced_seo_description":"","jetpack_seo_html_title":"","jetpack_seo_noindex":false},"product_brand":[],"product_cat":[20],"product_tag":[23],"class_list":{"0":"post-93","1":"product","2":"type-product","3":"status-publish","4":"has-post-thumbnail","6":"product_cat-contos","7":"product_tag-contos","9":"first","10":"instock","11":"sale","12":"shipping-taxable","13":"purchasable","14":"product-type-simple"},"jetpack_sharing_enabled":true,"_links":{"self":[{"href":"https:\/\/busilis.click\/index.php?rest_route=\/wp\/v2\/product\/93","targetHints":{"allow":["GET"]}}],"collection":[{"href":"https:\/\/busilis.click\/index.php?rest_route=\/wp\/v2\/product"}],"about":[{"href":"https:\/\/busilis.click\/index.php?rest_route=\/wp\/v2\/types\/product"}],"wp:featuredmedia":[{"embeddable":true,"href":"https:\/\/busilis.click\/index.php?rest_route=\/wp\/v2\/media\/88"}],"wp:attachment":[{"href":"https:\/\/busilis.click\/index.php?rest_route=%2Fwp%2Fv2%2Fmedia&parent=93"}],"wp:term":[{"taxonomy":"product_brand","embeddable":true,"href":"https:\/\/busilis.click\/index.php?rest_route=%2Fwp%2Fv2%2Fproduct_brand&post=93"},{"taxonomy":"product_cat","embeddable":true,"href":"https:\/\/busilis.click\/index.php?rest_route=%2Fwp%2Fv2%2Fproduct_cat&post=93"},{"taxonomy":"product_tag","embeddable":true,"href":"https:\/\/busilis.click\/index.php?rest_route=%2Fwp%2Fv2%2Fproduct_tag&post=93"}],"curies":[{"name":"wp","href":"https:\/\/api.w.org\/{rel}","templated":true}]}}