{"id":94,"date":"2026-02-18T14:37:28","date_gmt":"2026-02-18T14:37:28","guid":{"rendered":"https:\/\/busilis.click\/?post_type=product&#038;p=94"},"modified":"2026-03-13T11:43:01","modified_gmt":"2026-03-13T11:43:01","slug":"desta-pra-melhor-sera","status":"publish","type":"product","link":"https:\/\/busilis.click\/?product=desta-pra-melhor-sera","title":{"rendered":"Desta pra melhor, ser\u00e1?"},"content":{"rendered":"<p>Os contos que apresento neste livro n\u00e3o foram psicografados, como as cole\u00e7\u00f5es dedicadas \u00e0 Federa\u00e7\u00e3o Esp\u00edrita Portuguesa, mas s\u00e3o inspirados em hist\u00f3rias de vida, umas, que acompanhei por perto, outras, inspiradas e fruto dos estudos que fa\u00e7o. A morte acontece todos os dias. A vida permanece al\u00e9m da morte. E \u00e9 preciso falarmos disto, para se compreender a necessidade de uma educa\u00e7\u00e3o mais hol\u00edstica. Refiro-me a abrir horizontes num entendimento mais profundo da imortalidade e do absurdo das guerras. Talvez, assim, quem sabe, o t\u00e3o belo e grandioso ensinamento do Evangelho \u201cAma a Deus sobre todas as coisas e ao pr\u00f3ximo como a ti mesmo\u201d poder\u00e1 vir a ser o sentimento de excel\u00eancia da humanidade, um dia. Boa leitura.<\/p>\n","protected":false},"excerpt":{"rendered":"<p>Os contos que apresento neste livro n\u00e3o foram psicografados, como as cole\u00e7\u00f5es dedicadas \u00e0 Federa\u00e7\u00e3o Esp\u00edrita Portuguesa, mas s\u00e3o inspirados em hist\u00f3rias de vida, umas, que acompanhei por perto, outras, inspiradas e fruto dos estudos que fa\u00e7o. A morte acontece todos os dias. A vida permanece al\u00e9m da morte. E \u00e9 preciso falarmos disto, para [&hellip;]<\/p>\n","protected":false},"featured_media":87,"template":"","meta":{"advanced_seo_description":"","jetpack_seo_html_title":"","jetpack_seo_noindex":false},"product_brand":[],"product_cat":[15],"product_tag":[],"class_list":{"0":"post-94","1":"product","2":"type-product","3":"status-publish","4":"has-post-thumbnail","6":"product_cat-uncategorized","8":"first","9":"instock","10":"sale","11":"shipping-taxable","12":"purchasable","13":"product-type-simple"},"jetpack_sharing_enabled":true,"_links":{"self":[{"href":"https:\/\/busilis.click\/index.php?rest_route=\/wp\/v2\/product\/94","targetHints":{"allow":["GET"]}}],"collection":[{"href":"https:\/\/busilis.click\/index.php?rest_route=\/wp\/v2\/product"}],"about":[{"href":"https:\/\/busilis.click\/index.php?rest_route=\/wp\/v2\/types\/product"}],"wp:featuredmedia":[{"embeddable":true,"href":"https:\/\/busilis.click\/index.php?rest_route=\/wp\/v2\/media\/87"}],"wp:attachment":[{"href":"https:\/\/busilis.click\/index.php?rest_route=%2Fwp%2Fv2%2Fmedia&parent=94"}],"wp:term":[{"taxonomy":"product_brand","embeddable":true,"href":"https:\/\/busilis.click\/index.php?rest_route=%2Fwp%2Fv2%2Fproduct_brand&post=94"},{"taxonomy":"product_cat","embeddable":true,"href":"https:\/\/busilis.click\/index.php?rest_route=%2Fwp%2Fv2%2Fproduct_cat&post=94"},{"taxonomy":"product_tag","embeddable":true,"href":"https:\/\/busilis.click\/index.php?rest_route=%2Fwp%2Fv2%2Fproduct_tag&post=94"}],"curies":[{"name":"wp","href":"https:\/\/api.w.org\/{rel}","templated":true}]}}